{"id":14073,"date":"2025-01-28T13:03:08","date_gmt":"2025-01-28T13:03:08","guid":{"rendered":"https:\/\/hotelpimarblanes.com\/?page_id=14073"},"modified":"2026-03-26T12:14:07","modified_gmt":"2026-03-26T12:14:07","slug":"conditions-de-reservation","status":"publish","type":"page","link":"https:\/\/hotelpimarblanes.com\/fr\/conditions-de-reservation\/","title":{"rendered":"Conditions de r\u00e9servation"},"content":{"rendered":"<div class=\"fusion-fullwidth fullwidth-box fusion-builder-row-1 fusion-flex-container has-pattern-background has-mask-background nonhundred-percent-fullwidth non-hundred-percent-height-scrolling\" style=\"--awb-border-radius-top-left:0px;--awb-border-radius-top-right:0px;--awb-border-radius-bottom-right:0px;--awb-border-radius-bottom-left:0px;--awb-flex-wrap:wrap;\" ><div class=\"fusion-builder-row fusion-row fusion-flex-align-items-flex-start fusion-flex-content-wrap\" style=\"max-width:1248px;margin-left: calc(-4% \/ 2 );margin-right: calc(-4% \/ 2 );\"><div class=\"fusion-layout-column fusion_builder_column fusion-builder-column-0 fusion_builder_column_1_1 1_1 fusion-flex-column\" style=\"--awb-bg-size:cover;--awb-width-large:100%;--awb-margin-top-large:0px;--awb-spacing-right-large:1.92%;--awb-margin-bottom-large:20px;--awb-spacing-left-large:1.92%;--awb-width-medium:100%;--awb-order-medium:0;--awb-spacing-right-medium:1.92%;--awb-spacing-left-medium:1.92%;--awb-width-small:100%;--awb-order-small:0;--awb-spacing-right-small:1.92%;--awb-spacing-left-small:1.92%;\"><div class=\"fusion-column-wrapper fusion-column-has-shadow fusion-flex-justify-content-flex-start fusion-content-layout-column\"><div class=\"fusion-text fusion-text-1\"><h1 data-start=\"242\" data-end=\"287\">CONDITIONS DE R\u00c9SERVATION \u2013 SITE INTERNET<\/h1>\n<p data-start=\"289\" data-end=\"725\">Les pr\u00e9sentes clauses de r\u00e9servation du site <strong data-start=\"334\" data-end=\"370\"><a class=\"decorated-link cursor-pointer\" href=\"https:\/\/hotelpimarblanes.com\/fr\/\" target=\"_new\" rel=\"noopener\" data-start=\"336\" data-end=\"368\">https:\/\/hotelpimarblanes.com\/fr\/<\/a><\/strong>, administr\u00e9 par <strong data-start=\"387\" data-end=\"403\">ITS-66, S.L.<\/strong>, NIF : B-17529389, ci-apr\u00e8s d\u00e9nomm\u00e9 <strong data-start=\"440\" data-end=\"461\">HOTEL &amp; SPA PIMAR<\/strong>, immatricul\u00e9 au Registre du commerce de G\u00e9rone, Tome 1117, Folio 162, Section 8, Feuille GI-19970, si\u00e8ge social : <strong data-start=\"576\" data-end=\"648\">PASSEIG MARITIM S\u2019ABANELL, 8, CP : 17300, Blanes, Province de G\u00e9rone<\/strong>, r\u00e9gissent les r\u00e9servations en ligne des s\u00e9jours dans notre \u00e9tablissement.<\/p>\n<p data-start=\"727\" data-end=\"1462\">En raison du contenu et de la finalit\u00e9 du site, les personnes souhaitant obtenir des informations doivent remplir le formulaire de contact, tandis que celles qui souhaitent r\u00e9server un s\u00e9jour dans notre h\u00f4tel doivent compl\u00e9ter le formulaire d\u2019inscription Utilisateur-Client. Les donn\u00e9es fournies seront int\u00e9gr\u00e9es dans un fichier automatis\u00e9 prot\u00e9g\u00e9 conform\u00e9ment au RGPD-UE-2016\/679, \u00e0 la LOPD-3\/2018 (garantie des droits num\u00e9riques), \u00e0 la LSSI-34\/2002 (Commerce \u00e9lectronique), mise \u00e0 jour le 09\/05\/2023, \u00e0 la Directive 2011\/83\/UE relative aux droits des consommateurs et \u00e0 la Loi 3\/2014 du 27 mars modifiant le texte consolid\u00e9 de la Loi g\u00e9n\u00e9rale pour la d\u00e9fense des consommateurs et des usagers (RD 1\/2007, mise \u00e0 jour le 29\/06\/2023).<\/p>\n<hr data-start=\"1464\" data-end=\"1467\" \/>\n<h2 data-start=\"1469\" data-end=\"1504\">1. CONSENTEMENT DE L\u2019INT\u00c9RESS\u00c9<\/h2>\n<p data-start=\"1506\" data-end=\"1982\">Pour le traitement de vos donn\u00e9es personnelles, nous demandons votre consentement conform\u00e9ment au RGPD-UE-2016\/679 (articles 5, 6, 7 et 13), \u00e0 la LOPDGDD-3\/2018 (Titre II) et \u00e0 la Loi 1\/2019 sur le secret des affaires. Le responsable du traitement est <strong data-start=\"1758\" data-end=\"1779\">HOTEL &amp; SPA PIMAR<\/strong>, qui traitera les donn\u00e9es de mani\u00e8re licite, loyale et transparente, avec des finalit\u00e9s d\u00e9termin\u00e9es, explicites et l\u00e9gitimes, et en appliquant des mesures techniques et organisationnelles appropri\u00e9es.<\/p>\n<ul data-start=\"1984\" data-end=\"2102\">\n<li data-start=\"1984\" data-end=\"2039\">\n<p data-start=\"1986\" data-end=\"2039\">Donn\u00e9es trait\u00e9es : personnelles et administratives.<\/p>\n<\/li>\n<li data-start=\"2040\" data-end=\"2102\">\n<p data-start=\"2042\" data-end=\"2102\">Finalit\u00e9 : prestation du service de r\u00e9servation h\u00f4teli\u00e8re.<\/p>\n<\/li>\n<\/ul>\n<p data-start=\"2104\" data-end=\"2322\">En cas de violation de la s\u00e9curit\u00e9 des donn\u00e9es (art. 33 RGPD), le responsable notifiera l\u2019autorit\u00e9 de contr\u00f4le comp\u00e9tente sans retard injustifi\u00e9 et, si possible, au plus tard 72 heures apr\u00e8s en avoir eu connaissance.<\/p>\n<p data-start=\"2324\" data-end=\"2629\">En vous inscrivant sur le site <strong data-start=\"2355\" data-end=\"2391\"><a class=\"decorated-link cursor-pointer\" target=\"_new\" rel=\"noopener\" data-start=\"2357\" data-end=\"2389\">https:\/\/hotelpimarblanes.com\/fr\/<\/a><\/strong>, vous fournissez vos donn\u00e9es personnelles ou juridiques pour la gestion des services contract\u00e9s. L\u2019acceptation de ces conditions de r\u00e9servation via une case \u00e0 cocher ou un bouton implique l\u2019acceptation des conditions g\u00e9n\u00e9rales du site.<\/p>\n<p data-start=\"2631\" data-end=\"2840\">Les donn\u00e9es ne seront transmises qu\u2019en vertu d\u2019une obligation l\u00e9gale. Vous pouvez exercer vos droits aupr\u00e8s de l\u2019administrateur du site et d\u00e9poser une r\u00e9clamation aupr\u00e8s de l\u2019autorit\u00e9 de contr\u00f4le comp\u00e9tente.<\/p>\n<p data-start=\"2842\" data-end=\"3243\">Consentement des mineurs : conform\u00e9ment \u00e0 l\u2019art. 6, f, du RGPD-UE-2016\/679 et \u00e0 l\u2019art. 84 de la LOPD-3\/2018 (protection des mineurs en ligne), les mineurs de moins de 16 ans ne peuvent consentir \u00e0 la collecte de leurs donn\u00e9es personnelles par un service en ligne. Le consentement doit \u00eatre donn\u00e9 par leurs repr\u00e9sentants l\u00e9gaux (parents ou tuteurs). \u00c0 partir de 16 ans, leur consentement est valable.<\/p>\n<hr data-start=\"3245\" data-end=\"3248\" \/>\n<h2 data-start=\"3250\" data-end=\"3293\">2. INFORMATIONS SUR LE CONTENU DU SITE<\/h2>\n<p data-start=\"3295\" data-end=\"3563\">Le site <strong data-start=\"3303\" data-end=\"3339\"><a class=\"decorated-link cursor-pointer\" href=\"https:\/\/hotelpimarblanes.com\/fr\/\" target=\"_new\" rel=\"noopener\" data-start=\"3305\" data-end=\"3337\">https:\/\/hotelpimarblanes.com\/fr\/<\/a><\/strong>, administr\u00e9 par HOTEL &amp; SPA PIMAR, permet la r\u00e9servation en ligne des s\u00e9jours et services de notre h\u00f4tel, qui dispose notamment d\u2019un <strong data-start=\"3473\" data-end=\"3532\">spa, restaurant, piscine, salle de sport, parking priv\u00e9<\/strong>, entre autres installations.<\/p>\n<hr data-start=\"3565\" data-end=\"3568\" \/>\n<h2 data-start=\"3570\" data-end=\"3619\">3. PRIX ET INFORMATIONS SUR LES R\u00c9SERVATIONS<\/h2>\n<p data-start=\"3621\" data-end=\"3748\">Les prix affich\u00e9s sur le site incluent la TVA. Le paiement doit \u00eatre effectu\u00e9 via les syst\u00e8mes \u00e9tablis par HOTEL &amp; SPA PIMAR.<\/p>\n<hr data-start=\"3750\" data-end=\"3753\" \/>\n<h2 data-start=\"3755\" data-end=\"3788\">4. CONDITIONS DE R\u00c9SERVATION<\/h2>\n<p data-start=\"3790\" data-end=\"4073\">Pour qu\u2019une r\u00e9servation soit effective, l\u2019acceptation des conditions de r\u00e9servation et d\u2019utilisation du site est obligatoire et les donn\u00e9es d\u2019une carte de paiement doivent \u00eatre fournies \u00e0 titre de garantie. La r\u00e9servation sera consid\u00e9r\u00e9e comme nulle si la carte n\u2019est pas cr\u00e9dit\u00e9e.<\/p>\n<ul data-start=\"4075\" data-end=\"4251\">\n<li data-start=\"4075\" data-end=\"4142\">\n<p data-start=\"4077\" data-end=\"4142\">Le paiement int\u00e9gral du s\u00e9jour est exig\u00e9 \u00e0 l\u2019arriv\u00e9e \u00e0 l\u2019h\u00f4tel.<\/p>\n<\/li>\n<li data-start=\"4143\" data-end=\"4216\">\n<p data-start=\"4145\" data-end=\"4216\">Les services compl\u00e9mentaires doivent \u00eatre r\u00e9gl\u00e9s au moment du d\u00e9part.<\/p>\n<\/li>\n<li data-start=\"4217\" data-end=\"4251\">\n<p data-start=\"4219\" data-end=\"4251\">Les animaux ne sont pas admis.<\/p>\n<\/li>\n<\/ul>\n<p data-start=\"4253\" data-end=\"4451\">L\u2019administrateur du site <strong data-start=\"4278\" data-end=\"4314\"><a class=\"decorated-link cursor-pointer\" target=\"_new\" rel=\"noopener\" data-start=\"4280\" data-end=\"4312\">https:\/\/hotelpimarblanes.com\/fr\/<\/a><\/strong> enverra un email au client confirmant ou refusant la r\u00e9servation. En cas d\u2019acceptation, les d\u00e9tails de la r\u00e9servation seront pr\u00e9cis\u00e9s.<\/p>\n<h3 data-start=\"4453\" data-end=\"4482\">4.1. ARRIV\u00c9E (CHECK-IN)<\/h3>\n<p data-start=\"4484\" data-end=\"4599\">L\u2019acc\u00e8s \u00e0 l\u2019h\u00f4tel est possible \u00e0 partir de 14h00.<br data-start=\"4533\" data-end=\"4536\" \/>Il est recommand\u00e9 d\u2019indiquer l\u2019heure approximative d\u2019arriv\u00e9e.<\/p>\n<h3 data-start=\"4601\" data-end=\"4630\">4.2. D\u00c9PART (CHECK-OUT)<\/h3>\n<p data-start=\"4632\" data-end=\"4672\">Le d\u00e9part doit avoir lieu avant 11h00.<\/p>\n<hr data-start=\"4674\" data-end=\"4677\" \/>\n<h2 data-start=\"4679\" data-end=\"4703\">5. MODE DE PAIEMENT<\/h2>\n<ul data-start=\"4705\" data-end=\"5042\">\n<li data-start=\"4705\" data-end=\"4759\">\n<p data-start=\"4707\" data-end=\"4759\">Les paiements doivent \u00eatre effectu\u00e9s en euros (\u20ac).<\/p>\n<\/li>\n<li data-start=\"4760\" data-end=\"4850\">\n<p data-start=\"4762\" data-end=\"4850\">Les clients doivent indiquer un num\u00e9ro de carte bancaire pour garantir la r\u00e9servation.<\/p>\n<\/li>\n<li data-start=\"4851\" data-end=\"4976\">\n<p data-start=\"4853\" data-end=\"4976\">Les paiements sont trait\u00e9s via la plateforme de r\u00e9servation h\u00f4teli\u00e8re <strong data-start=\"4923\" data-end=\"4935\">Alojapro<\/strong>, qui collecte les donn\u00e9es n\u00e9cessaires.<\/p>\n<\/li>\n<li data-start=\"4977\" data-end=\"5042\">\n<p data-start=\"4979\" data-end=\"5042\">Sont accept\u00e9es : cartes de d\u00e9bit, VISA, MASTERCARD et autres.<\/p>\n<\/li>\n<\/ul>\n<p data-start=\"5044\" data-end=\"5193\">Tout d\u00e9bit non autoris\u00e9 ou frauduleux doit \u00eatre signal\u00e9 \u00e0 l\u2019administrateur du site \u00e0 l\u2019adresse <strong data-start=\"5139\" data-end=\"5163\"><a class=\"decorated-link cursor-pointer\" rel=\"noopener\" data-start=\"5141\" data-end=\"5161\">pimar@hotelpimar.com<\/a><\/strong> dans les plus brefs d\u00e9lais.<\/p>\n<h3 data-start=\"5195\" data-end=\"5224\">5.1. NORMES DE PAIEMENT<\/h3>\n<p data-start=\"5226\" data-end=\"5423\">Le site <strong data-start=\"5234\" data-end=\"5270\"><a class=\"decorated-link cursor-pointer\" target=\"_new\" rel=\"noopener\" data-start=\"5236\" data-end=\"5268\">https:\/\/hotelpimarblanes.com\/fr\/<\/a><\/strong> est conforme \u00e0 la norme PCI-DSS (Payment Card Industry \u2013 Data Security Standard), obligatoire pour les sites traitant des donn\u00e9es bancaires sensibles.<\/p>\n<hr data-start=\"5425\" data-end=\"5428\" \/>\n<h2 data-start=\"5430\" data-end=\"5465\">6. MESURES DE S\u00c9CURIT\u00c9 DU SITE<\/h2>\n<p data-start=\"5467\" data-end=\"5654\">Le site <strong data-start=\"5475\" data-end=\"5511\"><a class=\"decorated-link cursor-pointer\" target=\"_new\" rel=\"noopener\" data-start=\"5477\" data-end=\"5509\">https:\/\/hotelpimarblanes.com\/fr\/<\/a><\/strong> applique les plus hauts standards de s\u00e9curit\u00e9 commerciale, avec un serveur s\u00e9curis\u00e9 garantissant une transmission chiffr\u00e9e (128 \u00e0 256 bits).<\/p>\n<hr data-start=\"5656\" data-end=\"5659\" \/>\n<h2 data-start=\"5661\" data-end=\"5700\">7. FORMALISATION DE LA R\u00c9SERVATION<\/h2>\n<p data-start=\"5702\" data-end=\"5905\">Une fois la r\u00e9servation effectu\u00e9e et le paiement confirm\u00e9, l\u2019administrateur de <strong data-start=\"5781\" data-end=\"5817\"><a class=\"decorated-link cursor-pointer\" target=\"_new\" rel=\"noopener\" data-start=\"5783\" data-end=\"5815\">https:\/\/hotelpimarblanes.com\/fr\/<\/a><\/strong> enverra une notification ou un email de confirmation avec les d\u00e9tails correspondants.<\/p>\n<hr data-start=\"5907\" data-end=\"5910\" \/>\n<h2 data-start=\"5912\" data-end=\"5955\">8. DROIT DE R\u00c9TRACTATION OU ANNULATION<\/h2>\n<p data-start=\"5957\" data-end=\"6117\">Les pr\u00e9sentes clauses constituent la preuve de l\u2019accord entre l\u2019administrateur et le client conform\u00e9ment au D\u00e9cret l\u00e9gislatif royal 1\/2007 et \u00e0 la Loi 3\/2014.<\/p>\n<p data-start=\"6119\" data-end=\"6233\">La r\u00e9servation peut \u00eatre annul\u00e9e si l\u2019administrateur est inform\u00e9 <strong data-start=\"6184\" data-end=\"6230\">au moins 72 heures avant la date d\u2019arriv\u00e9e<\/strong>.<\/p>\n<h3 data-start=\"6235\" data-end=\"6258\">8.1. R\u00c9TRACTATION<\/h3>\n<p data-start=\"6260\" data-end=\"6647\">Le droit de r\u00e9tractation ne s\u2019applique pas dans les cas suivants (art. 103, Loi 3\/2014) :<br data-start=\"6349\" data-end=\"6352\" \/>a) Service enti\u00e8rement ex\u00e9cut\u00e9 avec le consentement pr\u00e9alable du consommateur.<br data-start=\"6430\" data-end=\"6433\" \/>c) Fourniture de biens personnalis\u00e9s ou fabriqu\u00e9s sur mesure.<br data-start=\"6494\" data-end=\"6497\" \/>l) Fourniture de services d\u2019h\u00e9bergement \u00e0 des dates pr\u00e9cises (hors logement r\u00e9sidentiel). L\u2019absence le jour pr\u00e9vu n\u2019ouvre pas droit \u00e0 remboursement.<\/p>\n<h3 data-start=\"6649\" data-end=\"6670\">8.2. ANNULATION<\/h3>\n<ul data-start=\"6672\" data-end=\"6888\">\n<li data-start=\"6672\" data-end=\"6750\">\n<p data-start=\"6674\" data-end=\"6750\">L\u2019annulation doit \u00eatre communiqu\u00e9e <strong data-start=\"6709\" data-end=\"6747\">au moins 72 heures avant l\u2019arriv\u00e9e<\/strong>.<\/p>\n<\/li>\n<li data-start=\"6751\" data-end=\"6888\">\n<p data-start=\"6753\" data-end=\"6888\">Toute annulation dans les 72 heures entra\u00eene la facturation de la premi\u00e8re nuit, sauf politique sp\u00e9cifique du type de chambre choisi.<\/p>\n<\/li>\n<\/ul>\n<p data-start=\"6890\" data-end=\"7051\"><strong data-start=\"6890\" data-end=\"6911\">D\u00e9part anticip\u00e9 :<\/strong> en cas de d\u00e9part avant la date pr\u00e9vue, le montant total des nuits restantes sera factur\u00e9, sauf politique particuli\u00e8re du type de chambre.<\/p>\n<p data-start=\"7053\" data-end=\"7153\">Les annulations sont trait\u00e9es conform\u00e9ment aux lois locales et directives europ\u00e9ennes applicables.<\/p>\n<hr data-start=\"7155\" data-end=\"7158\" \/>\n<h2 data-start=\"7160\" data-end=\"7197\">9. LOI APPLICABLE ET JURIDICTION<\/h2>\n<p data-start=\"7199\" data-end=\"7360\">Les pr\u00e9sentes conditions sont r\u00e9gies par le droit espagnol. Tout litige rel\u00e8ve de la comp\u00e9tence des tribunaux de <strong data-start=\"7312\" data-end=\"7322\">Blanes<\/strong>, sauf disposition l\u00e9gale contraire.<\/p>\n<h3 data-start=\"7362\" data-end=\"7405\">9.1. R\u00c9SOLUTION DES CONFLITS EN LIGNE<\/h3>\n<p data-start=\"7407\" data-end=\"7564\">Conform\u00e9ment \u00e0 la Loi 7\/2017 et au R\u00e8glement (UE) 524\/2013, les consommateurs peuvent acc\u00e9der \u00e0 la plateforme europ\u00e9enne de r\u00e8glement en ligne des litiges.<\/p>\n<hr data-start=\"7566\" data-end=\"7569\" \/>\n<h2 data-start=\"7571\" data-end=\"7608\">10. POLITIQUE DE CONFIDENTIALIT\u00c9<\/h2>\n<p data-start=\"7610\" data-end=\"7855\"><strong data-start=\"7610\" data-end=\"7631\">HOTEL &amp; SPA PIMAR<\/strong> informe les utilisateurs de leurs droits (acc\u00e8s, rectification, opposition, suppression, limitation, portabilit\u00e9). Ces droits peuvent \u00eatre exerc\u00e9s par \u00e9crit \u00e0 <strong data-start=\"7791\" data-end=\"7815\"><a class=\"decorated-link cursor-pointer\" rel=\"noopener\" data-start=\"7793\" data-end=\"7813\">pimar@hotelpimar.com<\/a><\/strong>, accompagn\u00e9s d\u2019une preuve d\u2019identit\u00e9.<\/p>\n<p data-start=\"7857\" data-end=\"8058\">Le responsable du traitement fournira une r\u00e9ponse dans un d\u00e9lai maximum d\u2019un mois. Les utilisateurs peuvent introduire une r\u00e9clamation aupr\u00e8s des autorit\u00e9s de contr\u00f4le comp\u00e9tentes (AEPD, ACPD, AVPD).<\/p>\n<\/div><\/div><\/div><\/div><\/div>\n","protected":false},"excerpt":{"rendered":"","protected":false},"author":1,"featured_media":0,"parent":0,"menu_order":0,"comment_status":"closed","ping_status":"closed","template":"100-width.php","meta":{"footnotes":""},"class_list":["post-14073","page","type-page","status-publish","hentry"],"yoast_head":"<!-- This site is optimized with the Yoast SEO plugin v26.9 - https:\/\/yoast.com\/product\/yoast-seo-wordpress\/ -->\n<title>Conditions de r\u00e9servation - Hotel &amp; Spa Pimar<\/title>\n<meta name=\"description\" content=\"Consultez les conditions de r\u00e9servation officielles de l\u2019H\u00f4tel &amp; Spa Pimar Blanes : paiements, annulations et droits des clients.\" \/>\n<meta name=\"robots\" content=\"index, follow, max-snippet:-1, max-image-preview:large, max-video-preview:-1\" \/>\n<link rel=\"canonical\" href=\"https:\/\/hotelpimarblanes.com\/fr\/conditions-de-reservation\/\" \/>\n<meta property=\"og:locale\" content=\"fr_FR\" \/>\n<meta property=\"og:type\" content=\"article\" \/>\n<meta property=\"og:title\" content=\"Conditions de r\u00e9servation - Hotel &amp; Spa Pimar\" \/>\n<meta property=\"og:description\" content=\"Consultez les conditions de r\u00e9servation officielles de l\u2019H\u00f4tel &amp; Spa Pimar Blanes : paiements, annulations et droits des clients.\" \/>\n<meta property=\"og:url\" content=\"https:\/\/hotelpimarblanes.com\/fr\/conditions-de-reservation\/\" \/>\n<meta property=\"og:site_name\" content=\"Hotel &amp; Spa Pimar\" \/>\n<meta property=\"article:modified_time\" content=\"2026-03-26T12:14:07+00:00\" \/>\n<meta name=\"twitter:card\" content=\"summary_large_image\" \/>\n<meta name=\"twitter:label1\" content=\"Dur\u00e9e de lecture estim\u00e9e\" \/>\n\t<meta name=\"twitter:data1\" content=\"5 minutes\" \/>\n<script type=\"application\/ld+json\" class=\"yoast-schema-graph\">{\"@context\":\"https:\/\/schema.org\",\"@graph\":[{\"@type\":\"WebPage\",\"@id\":\"https:\/\/hotelpimarblanes.com\/fr\/conditions-de-reservation\/\",\"url\":\"https:\/\/hotelpimarblanes.com\/fr\/conditions-de-reservation\/\",\"name\":\"Conditions de r\u00e9servation - Hotel &amp; Spa Pimar\",\"isPartOf\":{\"@id\":\"https:\/\/hotelpimarblanes.com\/fr\/#website\"},\"datePublished\":\"2025-01-28T13:03:08+00:00\",\"dateModified\":\"2026-03-26T12:14:07+00:00\",\"description\":\"Consultez les conditions de r\u00e9servation officielles de l\u2019H\u00f4tel & Spa Pimar Blanes : paiements, annulations et droits des clients.\",\"breadcrumb\":{\"@id\":\"https:\/\/hotelpimarblanes.com\/fr\/conditions-de-reservation\/#breadcrumb\"},\"inLanguage\":\"fr-FR\",\"potentialAction\":[{\"@type\":\"ReadAction\",\"target\":[\"https:\/\/hotelpimarblanes.com\/fr\/conditions-de-reservation\/\"]}]},{\"@type\":\"BreadcrumbList\",\"@id\":\"https:\/\/hotelpimarblanes.com\/fr\/conditions-de-reservation\/#breadcrumb\",\"itemListElement\":[{\"@type\":\"ListItem\",\"position\":1,\"name\":\"Portada\",\"item\":\"https:\/\/hotelpimarblanes.com\/fr\/\"},{\"@type\":\"ListItem\",\"position\":2,\"name\":\"Conditions de r\u00e9servation\"}]},{\"@type\":\"WebSite\",\"@id\":\"https:\/\/hotelpimarblanes.com\/fr\/#website\",\"url\":\"https:\/\/hotelpimarblanes.com\/fr\/\",\"name\":\"Hotel &amp; Spa Pimar\",\"description\":\"Hotel &amp; Spa Blanes\",\"publisher\":{\"@id\":\"https:\/\/hotelpimarblanes.com\/fr\/#organization\"},\"potentialAction\":[{\"@type\":\"SearchAction\",\"target\":{\"@type\":\"EntryPoint\",\"urlTemplate\":\"https:\/\/hotelpimarblanes.com\/fr\/?s={search_term_string}\"},\"query-input\":{\"@type\":\"PropertyValueSpecification\",\"valueRequired\":true,\"valueName\":\"search_term_string\"}}],\"inLanguage\":\"fr-FR\"},{\"@type\":\"Organization\",\"@id\":\"https:\/\/hotelpimarblanes.com\/fr\/#organization\",\"name\":\"Hotel &amp; Spa Pimar\",\"url\":\"https:\/\/hotelpimarblanes.com\/fr\/\",\"logo\":{\"@type\":\"ImageObject\",\"inLanguage\":\"fr-FR\",\"@id\":\"https:\/\/hotelpimarblanes.com\/fr\/#\/schema\/logo\/image\/\",\"url\":\"\",\"contentUrl\":\"\",\"caption\":\"Hotel &amp; Spa Pimar\"},\"image\":{\"@id\":\"https:\/\/hotelpimarblanes.com\/fr\/#\/schema\/logo\/image\/\"}}]}<\/script>\n<!-- \/ Yoast SEO plugin. -->","yoast_head_json":{"title":"Conditions de r\u00e9servation - Hotel &amp; Spa Pimar","description":"Consultez les conditions de r\u00e9servation officielles de l\u2019H\u00f4tel & Spa Pimar Blanes : paiements, annulations et droits des clients.","robots":{"index":"index","follow":"follow","max-snippet":"max-snippet:-1","max-image-preview":"max-image-preview:large","max-video-preview":"max-video-preview:-1"},"canonical":"https:\/\/hotelpimarblanes.com\/fr\/conditions-de-reservation\/","og_locale":"fr_FR","og_type":"article","og_title":"Conditions de r\u00e9servation - Hotel &amp; Spa Pimar","og_description":"Consultez les conditions de r\u00e9servation officielles de l\u2019H\u00f4tel & Spa Pimar Blanes : paiements, annulations et droits des clients.","og_url":"https:\/\/hotelpimarblanes.com\/fr\/conditions-de-reservation\/","og_site_name":"Hotel &amp; Spa Pimar","article_modified_time":"2026-03-26T12:14:07+00:00","twitter_card":"summary_large_image","twitter_misc":{"Dur\u00e9e de lecture estim\u00e9e":"5 minutes"},"schema":{"@context":"https:\/\/schema.org","@graph":[{"@type":"WebPage","@id":"https:\/\/hotelpimarblanes.com\/fr\/conditions-de-reservation\/","url":"https:\/\/hotelpimarblanes.com\/fr\/conditions-de-reservation\/","name":"Conditions de r\u00e9servation - Hotel &amp; Spa Pimar","isPartOf":{"@id":"https:\/\/hotelpimarblanes.com\/fr\/#website"},"datePublished":"2025-01-28T13:03:08+00:00","dateModified":"2026-03-26T12:14:07+00:00","description":"Consultez les conditions de r\u00e9servation officielles de l\u2019H\u00f4tel & Spa Pimar Blanes : paiements, annulations et droits des clients.","breadcrumb":{"@id":"https:\/\/hotelpimarblanes.com\/fr\/conditions-de-reservation\/#breadcrumb"},"inLanguage":"fr-FR","potentialAction":[{"@type":"ReadAction","target":["https:\/\/hotelpimarblanes.com\/fr\/conditions-de-reservation\/"]}]},{"@type":"BreadcrumbList","@id":"https:\/\/hotelpimarblanes.com\/fr\/conditions-de-reservation\/#breadcrumb","itemListElement":[{"@type":"ListItem","position":1,"name":"Portada","item":"https:\/\/hotelpimarblanes.com\/fr\/"},{"@type":"ListItem","position":2,"name":"Conditions de r\u00e9servation"}]},{"@type":"WebSite","@id":"https:\/\/hotelpimarblanes.com\/fr\/#website","url":"https:\/\/hotelpimarblanes.com\/fr\/","name":"Hotel &amp; Spa Pimar","description":"Hotel &amp; Spa Blanes","publisher":{"@id":"https:\/\/hotelpimarblanes.com\/fr\/#organization"},"potentialAction":[{"@type":"SearchAction","target":{"@type":"EntryPoint","urlTemplate":"https:\/\/hotelpimarblanes.com\/fr\/?s={search_term_string}"},"query-input":{"@type":"PropertyValueSpecification","valueRequired":true,"valueName":"search_term_string"}}],"inLanguage":"fr-FR"},{"@type":"Organization","@id":"https:\/\/hotelpimarblanes.com\/fr\/#organization","name":"Hotel &amp; Spa Pimar","url":"https:\/\/hotelpimarblanes.com\/fr\/","logo":{"@type":"ImageObject","inLanguage":"fr-FR","@id":"https:\/\/hotelpimarblanes.com\/fr\/#\/schema\/logo\/image\/","url":"","contentUrl":"","caption":"Hotel &amp; Spa Pimar"},"image":{"@id":"https:\/\/hotelpimarblanes.com\/fr\/#\/schema\/logo\/image\/"}}]}},"_links":{"self":[{"href":"https:\/\/hotelpimarblanes.com\/fr\/wp-json\/wp\/v2\/pages\/14073","targetHints":{"allow":["GET"]}}],"collection":[{"href":"https:\/\/hotelpimarblanes.com\/fr\/wp-json\/wp\/v2\/pages"}],"about":[{"href":"https:\/\/hotelpimarblanes.com\/fr\/wp-json\/wp\/v2\/types\/page"}],"author":[{"embeddable":true,"href":"https:\/\/hotelpimarblanes.com\/fr\/wp-json\/wp\/v2\/users\/1"}],"replies":[{"embeddable":true,"href":"https:\/\/hotelpimarblanes.com\/fr\/wp-json\/wp\/v2\/comments?post=14073"}],"version-history":[{"count":2,"href":"https:\/\/hotelpimarblanes.com\/fr\/wp-json\/wp\/v2\/pages\/14073\/revisions"}],"predecessor-version":[{"id":14196,"href":"https:\/\/hotelpimarblanes.com\/fr\/wp-json\/wp\/v2\/pages\/14073\/revisions\/14196"}],"wp:attachment":[{"href":"https:\/\/hotelpimarblanes.com\/fr\/wp-json\/wp\/v2\/media?parent=14073"}],"curies":[{"name":"wp","href":"https:\/\/api.w.org\/{rel}","templated":true}]}}