{"id":14088,"date":"2025-09-02T09:35:58","date_gmt":"2025-09-02T09:35:58","guid":{"rendered":"https:\/\/hotelpimarblanes.com\/?page_id=14088"},"modified":"2025-09-04T13:29:07","modified_gmt":"2025-09-04T13:29:07","slug":"descargo-de-responsabilidad","status":"publish","type":"page","link":"https:\/\/hotelpimarblanes.com\/fr\/descargo-de-responsabilidad\/","title":{"rendered":"Descargo de responsabilidad"},"content":{"rendered":"\n<!-- Legal document generated by Complianz | GDPR\/CCPA Cookie Consent https:\/\/wordpress.org\/plugins\/complianz-gdpr -->\n<div id=\"cmplz-document\" class=\"cmplz-document disclaimer cmplz-document-all\"><p>HOTEL &amp; SPA PIMAR s\u2019engage \u00e0 maintenir ce site web \u00e0 jour en temps et en heure. Si toutefois vous rencontriez un probl\u00e8me ou des donn\u00e9es obsol\u00e8te, nous vous serions reconnaissants de nous le faire savoir. Veuillez indiquer o\u00f9 sur le site web vous lisez les informations incorrectes. Nous examinerons cela d\u00e8s que possible. Veuillez envoyer votre r\u00e9ponse par e-mail \u00e0: <span class=\"cmplz-obfuscate\">&#112;&#105;m&#097;r@<span class=\"cmplz-fmail-domain\">&#101;x&#046;&#099;&#111;&#109;<\/span>&#104;ote&#108;&#112;&#105;mar&#046;c&#111;m<\/span>.<\/p><p>Nous ne sommes pas responsables des pertes r\u00e9sultant d\u2019inexactitudes ou de lacunes, ni des pertes r\u00e9sultant de probl\u00e8mes caus\u00e9s par ou inh\u00e9rents \u00e0 la diffusion d\u2019informations par Internet, tels que des perturbations ou des interruptions. Lors de l\u2019utilisation de formulaires Web, nous nous effor\u00e7ons de limiter le nombre de champs obligatoires au minimum. Pour toute perte subie \u00e0 la suite de l\u2019utilisation de donn\u00e9es, de conseils ou d\u2019id\u00e9es fournis par ou au nom de HOTEL &amp; SPA PIMAR via ce site web, HOTEL &amp; SPA PIMAR n\u2019assume aucune responsabilit\u00e9.<\/p><p>HOTEL &amp; SPA PIMAR d\u00e9cline toute responsabilit\u00e9 quant au contenu des sites web auxquels ou \u00e0 partir desquels un hyperlien ou une autre r\u00e9f\u00e9rence est faite. Les produits ou services offerts par des tierces parties sont soumis aux termes et conditions applicables de ces tierces parties.<\/p><p>Tous les droits de propri\u00e9t\u00e9 intellectuelle sur le contenu de ce site web sont la propri\u00e9t\u00e9 de HOTEL &amp; SPA PIMAR.<\/p><p>La copie, la diffusion et toute autre utilisation de ces documents sont interdites sans l\u2019autorisation \u00e9crite de HOTEL &amp; SPA PIMAR , sauf si et dans la mesure o\u00f9 le stipule une r\u00e9glementation imp\u00e9rative (telle que le droit de citer), sauf indication contraire du contenu.<\/p><p>Si vous avez des questions ou des probl\u00e8mes d\u2019accessibilit\u00e9 du site, n\u2019h\u00e9sitez pas \u00e0 nous contacter.<\/p><\/div>","protected":false},"excerpt":{"rendered":"","protected":false},"author":1,"featured_media":0,"parent":0,"menu_order":0,"comment_status":"closed","ping_status":"closed","template":"","meta":{"footnotes":""},"class_list":["post-14088","page","type-page","status-publish","hentry"],"yoast_head":"<!-- This site is optimized with the Yoast SEO plugin v26.9 - https:\/\/yoast.com\/product\/yoast-seo-wordpress\/ -->\n<title>Descargo de responsabilidad - Hotel &amp; Spa Pimar<\/title>\n<meta name=\"robots\" content=\"index, follow, max-snippet:-1, max-image-preview:large, max-video-preview:-1\" \/>\n<link rel=\"canonical\" href=\"https:\/\/hotelpimarblanes.com\/fr\/descargo-de-responsabilidad\/\" \/>\n<meta property=\"og:locale\" content=\"fr_FR\" \/>\n<meta property=\"og:type\" content=\"article\" \/>\n<meta property=\"og:title\" content=\"Descargo de responsabilidad - Hotel &amp; Spa Pimar\" \/>\n<meta property=\"og:url\" content=\"https:\/\/hotelpimarblanes.com\/fr\/descargo-de-responsabilidad\/\" \/>\n<meta property=\"og:site_name\" content=\"Hotel &amp; Spa Pimar\" \/>\n<meta property=\"article:modified_time\" content=\"2025-09-04T13:29:07+00:00\" \/>\n<meta name=\"twitter:card\" content=\"summary_large_image\" \/>\n<script type=\"application\/ld+json\" class=\"yoast-schema-graph\">{\"@context\":\"https:\/\/schema.org\",\"@graph\":[{\"@type\":\"WebPage\",\"@id\":\"https:\/\/hotelpimarblanes.com\/fr\/descargo-de-responsabilidad\/\",\"url\":\"https:\/\/hotelpimarblanes.com\/fr\/descargo-de-responsabilidad\/\",\"name\":\"Descargo de responsabilidad - Hotel &amp; Spa Pimar\",\"isPartOf\":{\"@id\":\"https:\/\/hotelpimarblanes.com\/fr\/#website\"},\"datePublished\":\"2025-09-02T09:35:58+00:00\",\"dateModified\":\"2025-09-04T13:29:07+00:00\",\"breadcrumb\":{\"@id\":\"https:\/\/hotelpimarblanes.com\/fr\/descargo-de-responsabilidad\/#breadcrumb\"},\"inLanguage\":\"fr-FR\",\"potentialAction\":[{\"@type\":\"ReadAction\",\"target\":[\"https:\/\/hotelpimarblanes.com\/fr\/descargo-de-responsabilidad\/\"]}]},{\"@type\":\"BreadcrumbList\",\"@id\":\"https:\/\/hotelpimarblanes.com\/fr\/descargo-de-responsabilidad\/#breadcrumb\",\"itemListElement\":[{\"@type\":\"ListItem\",\"position\":1,\"name\":\"Portada\",\"item\":\"https:\/\/hotelpimarblanes.com\/fr\/\"},{\"@type\":\"ListItem\",\"position\":2,\"name\":\"Descargo de responsabilidad\"}]},{\"@type\":\"WebSite\",\"@id\":\"https:\/\/hotelpimarblanes.com\/fr\/#website\",\"url\":\"https:\/\/hotelpimarblanes.com\/fr\/\",\"name\":\"Hotel &amp; Spa Pimar\",\"description\":\"Hotel &amp; Spa Blanes\",\"publisher\":{\"@id\":\"https:\/\/hotelpimarblanes.com\/fr\/#organization\"},\"potentialAction\":[{\"@type\":\"SearchAction\",\"target\":{\"@type\":\"EntryPoint\",\"urlTemplate\":\"https:\/\/hotelpimarblanes.com\/fr\/?s={search_term_string}\"},\"query-input\":{\"@type\":\"PropertyValueSpecification\",\"valueRequired\":true,\"valueName\":\"search_term_string\"}}],\"inLanguage\":\"fr-FR\"},{\"@type\":\"Organization\",\"@id\":\"https:\/\/hotelpimarblanes.com\/fr\/#organization\",\"name\":\"Hotel &amp; Spa Pimar\",\"url\":\"https:\/\/hotelpimarblanes.com\/fr\/\",\"logo\":{\"@type\":\"ImageObject\",\"inLanguage\":\"fr-FR\",\"@id\":\"https:\/\/hotelpimarblanes.com\/fr\/#\/schema\/logo\/image\/\",\"url\":\"\",\"contentUrl\":\"\",\"caption\":\"Hotel &amp; Spa Pimar\"},\"image\":{\"@id\":\"https:\/\/hotelpimarblanes.com\/fr\/#\/schema\/logo\/image\/\"}}]}<\/script>\n<!-- \/ Yoast SEO plugin. -->","yoast_head_json":{"title":"Descargo de responsabilidad - Hotel &amp; Spa Pimar","robots":{"index":"index","follow":"follow","max-snippet":"max-snippet:-1","max-image-preview":"max-image-preview:large","max-video-preview":"max-video-preview:-1"},"canonical":"https:\/\/hotelpimarblanes.com\/fr\/descargo-de-responsabilidad\/","og_locale":"fr_FR","og_type":"article","og_title":"Descargo de responsabilidad - Hotel &amp; Spa Pimar","og_url":"https:\/\/hotelpimarblanes.com\/fr\/descargo-de-responsabilidad\/","og_site_name":"Hotel &amp; Spa Pimar","article_modified_time":"2025-09-04T13:29:07+00:00","twitter_card":"summary_large_image","schema":{"@context":"https:\/\/schema.org","@graph":[{"@type":"WebPage","@id":"https:\/\/hotelpimarblanes.com\/fr\/descargo-de-responsabilidad\/","url":"https:\/\/hotelpimarblanes.com\/fr\/descargo-de-responsabilidad\/","name":"Descargo de responsabilidad - Hotel &amp; Spa Pimar","isPartOf":{"@id":"https:\/\/hotelpimarblanes.com\/fr\/#website"},"datePublished":"2025-09-02T09:35:58+00:00","dateModified":"2025-09-04T13:29:07+00:00","breadcrumb":{"@id":"https:\/\/hotelpimarblanes.com\/fr\/descargo-de-responsabilidad\/#breadcrumb"},"inLanguage":"fr-FR","potentialAction":[{"@type":"ReadAction","target":["https:\/\/hotelpimarblanes.com\/fr\/descargo-de-responsabilidad\/"]}]},{"@type":"BreadcrumbList","@id":"https:\/\/hotelpimarblanes.com\/fr\/descargo-de-responsabilidad\/#breadcrumb","itemListElement":[{"@type":"ListItem","position":1,"name":"Portada","item":"https:\/\/hotelpimarblanes.com\/fr\/"},{"@type":"ListItem","position":2,"name":"Descargo de responsabilidad"}]},{"@type":"WebSite","@id":"https:\/\/hotelpimarblanes.com\/fr\/#website","url":"https:\/\/hotelpimarblanes.com\/fr\/","name":"Hotel &amp; Spa Pimar","description":"Hotel &amp; Spa Blanes","publisher":{"@id":"https:\/\/hotelpimarblanes.com\/fr\/#organization"},"potentialAction":[{"@type":"SearchAction","target":{"@type":"EntryPoint","urlTemplate":"https:\/\/hotelpimarblanes.com\/fr\/?s={search_term_string}"},"query-input":{"@type":"PropertyValueSpecification","valueRequired":true,"valueName":"search_term_string"}}],"inLanguage":"fr-FR"},{"@type":"Organization","@id":"https:\/\/hotelpimarblanes.com\/fr\/#organization","name":"Hotel &amp; Spa Pimar","url":"https:\/\/hotelpimarblanes.com\/fr\/","logo":{"@type":"ImageObject","inLanguage":"fr-FR","@id":"https:\/\/hotelpimarblanes.com\/fr\/#\/schema\/logo\/image\/","url":"","contentUrl":"","caption":"Hotel &amp; Spa Pimar"},"image":{"@id":"https:\/\/hotelpimarblanes.com\/fr\/#\/schema\/logo\/image\/"}}]}},"_links":{"self":[{"href":"https:\/\/hotelpimarblanes.com\/fr\/wp-json\/wp\/v2\/pages\/14088","targetHints":{"allow":["GET"]}}],"collection":[{"href":"https:\/\/hotelpimarblanes.com\/fr\/wp-json\/wp\/v2\/pages"}],"about":[{"href":"https:\/\/hotelpimarblanes.com\/fr\/wp-json\/wp\/v2\/types\/page"}],"author":[{"embeddable":true,"href":"https:\/\/hotelpimarblanes.com\/fr\/wp-json\/wp\/v2\/users\/1"}],"replies":[{"embeddable":true,"href":"https:\/\/hotelpimarblanes.com\/fr\/wp-json\/wp\/v2\/comments?post=14088"}],"version-history":[{"count":1,"href":"https:\/\/hotelpimarblanes.com\/fr\/wp-json\/wp\/v2\/pages\/14088\/revisions"}],"predecessor-version":[{"id":14089,"href":"https:\/\/hotelpimarblanes.com\/fr\/wp-json\/wp\/v2\/pages\/14088\/revisions\/14089"}],"wp:attachment":[{"href":"https:\/\/hotelpimarblanes.com\/fr\/wp-json\/wp\/v2\/media?parent=14088"}],"curies":[{"name":"wp","href":"https:\/\/api.w.org\/{rel}","templated":true}]}}