{"id":3967,"date":"2023-01-09T09:26:12","date_gmt":"2023-01-09T09:26:12","guid":{"rendered":"https:\/\/hotelpimarblanes.com\/lieux-a-visiter-a-blanes\/patrimoine-culture\/"},"modified":"2023-02-07T09:48:33","modified_gmt":"2023-02-07T09:48:33","slug":"patrimoine-culture","status":"publish","type":"page","link":"https:\/\/hotelpimarblanes.com\/fr\/lieux-a-visiter-a-blanes\/patrimoine-culture\/","title":{"rendered":"Patrimoine &#038; Culture"},"content":{"rendered":"<div class=\"fusion-fullwidth fullwidth-box fusion-builder-row-1 fusion-flex-container has-pattern-background has-mask-background nonhundred-percent-fullwidth non-hundred-percent-height-scrolling\" style=\"--awb-background-position:center top;--awb-border-sizes-top:0px;--awb-border-sizes-bottom:0px;--awb-border-sizes-left:0px;--awb-border-sizes-right:0px;--awb-border-radius-top-left:0px;--awb-border-radius-top-right:0px;--awb-border-radius-bottom-right:0px;--awb-border-radius-bottom-left:0px;--awb-padding-top:32px;--awb-padding-bottom:32px;--awb-padding-bottom-small:48px;--awb-background-color:hsla(var(--awb-color2-h),var(--awb-color2-s),calc(var(--awb-color2-l) + 4%),var(--awb-color2-a));--awb-flex-wrap:wrap;\" ><div class=\"fusion-builder-row fusion-row fusion-flex-align-items-flex-start fusion-flex-content-wrap\" style=\"max-width:calc( 1200px + 0px );margin-left: calc(-0px \/ 2 );margin-right: calc(-0px \/ 2 );\"><div class=\"fusion-layout-column fusion_builder_column fusion-builder-column-0 fusion_builder_column_1_1 1_1 fusion-flex-column fusion-flex-align-self-center\" style=\"--awb-bg-position:right bottom;--awb-bg-blend:overlay;--awb-bg-size:cover;--awb-width-large:100%;--awb-margin-top-large:0px;--awb-spacing-right-large:0px;--awb-margin-bottom-large:20px;--awb-spacing-left-large:0px;--awb-width-medium:100%;--awb-order-medium:0;--awb-spacing-right-medium:0px;--awb-margin-bottom-medium:0px;--awb-spacing-left-medium:0px;--awb-width-small:100%;--awb-order-small:0;--awb-spacing-right-small:0px;--awb-spacing-left-small:0px;\"><div class=\"fusion-column-wrapper fusion-column-has-shadow fusion-flex-justify-content-center fusion-content-layout-column\"><div class=\"fusion-title title fusion-title-1 fusion-title-center fusion-title-text fusion-title-size-two\" style=\"--awb-margin-bottom:0px;--awb-margin-bottom-small:0px;--awb-margin-bottom-medium:0px;--awb-font-size:var(--awb-typography2-font-size);\"><div class=\"title-sep-container title-sep-container-left\"><div class=\"title-sep sep- sep-solid\" style=\"border-color:var(--awb-color3);\"><\/div><\/div><span class=\"awb-title-spacer\"><\/span><h2 class=\"fusion-title-heading title-heading-center fusion-responsive-typography-calculated\" style=\"font-family:var(--awb-typography2-font-family);font-weight:var(--awb-typography2-font-weight);font-style:var(--awb-typography2-font-style);margin:0;letter-spacing:var(--awb-typography2-letter-spacing);text-transform:var(--awb-typography2-text-transform);font-size:1em;--fontSize:13;--minFontSize:13;line-height:var(--awb-typography2-line-height);\">Lieux \u00e0 visiter<\/h2><span class=\"awb-title-spacer\"><\/span><div class=\"title-sep-container title-sep-container-right\"><div class=\"title-sep sep- sep-solid\" style=\"border-color:var(--awb-color3);\"><\/div><\/div><\/div><div class=\"fusion-title title fusion-title-2 fusion-title-center fusion-title-text fusion-title-size-three\" style=\"--awb-margin-bottom-small:15px;--awb-font-size:46px;\"><div class=\"title-sep-container title-sep-container-left\"><div class=\"title-sep sep- sep-solid\" style=\"border-color:var(--awb-color3);\"><\/div><\/div><span class=\"awb-title-spacer\"><\/span><h3 class=\"fusion-title-heading title-heading-center fusion-responsive-typography-calculated\" style=\"margin:0;font-size:1em;--fontSize:46;line-height:var(--awb-typography1-line-height);\">Patrimoine &#038; Culture<\/h3><span class=\"awb-title-spacer\"><\/span><div class=\"title-sep-container title-sep-container-right\"><div class=\"title-sep sep- sep-solid\" style=\"border-color:var(--awb-color3);\"><\/div><\/div><\/div><div class=\"fusion-separator\" style=\"align-self: center;margin-left: auto;margin-right: auto;margin-top:0px;margin-bottom:20px;width:100%;max-width:50px;\"><div class=\"fusion-separator-border sep-single sep-solid\" style=\"--awb-height:20px;--awb-amount:20px;--awb-sep-color:var(--awb-color4);border-color:var(--awb-color4);border-top-width:1px;\"><\/div><\/div><\/div><\/div><div class=\"fusion-layout-column fusion_builder_column fusion-builder-column-1 fusion_builder_column_1_3 1_3 fusion-flex-column\" style=\"--awb-padding-right:40px;--awb-padding-left:40px;--awb-bg-position:center center;--awb-bg-size:cover;--awb-width-large:33.333333333333%;--awb-margin-top-large:0px;--awb-spacing-right-large:calc( 0.06 * calc( 100% - 0px ) );--awb-margin-bottom-large:20px;--awb-spacing-left-large:0px;--awb-width-medium:100%;--awb-order-medium:0;--awb-spacing-right-medium:0px;--awb-spacing-left-medium:0px;--awb-width-small:100%;--awb-order-small:0;--awb-spacing-right-small:0px;--awb-spacing-left-small:0px;\"><div class=\"fusion-column-wrapper fusion-column-has-shadow fusion-flex-justify-content-flex-start fusion-content-layout-column\"><div class=\"fusion-image-element \" style=\"--awb-caption-title-font-family:var(--h2_typography-font-family);--awb-caption-title-font-weight:var(--h2_typography-font-weight);--awb-caption-title-font-style:var(--h2_typography-font-style);--awb-caption-title-size:var(--h2_typography-font-size);--awb-caption-title-transform:var(--h2_typography-text-transform);--awb-caption-title-line-height:var(--h2_typography-line-height);--awb-caption-title-letter-spacing:var(--h2_typography-letter-spacing);\"><span class=\" fusion-imageframe imageframe-none imageframe-1 hover-type-none\"><img decoding=\"async\" width=\"290\" height=\"260\" title=\"Ruta-de-las-ermitas\" src=\"https:\/\/hotelpimarblanes.com\/wp-content\/uploads\/2023\/01\/Ruta-de-las-ermitas.jpg\" data-orig-src=\"https:\/\/hotelpimarblanes.com\/wp-content\/uploads\/2023\/01\/Ruta-de-las-ermitas.jpg\" alt class=\"lazyload img-responsive wp-image-3622\" srcset=\"data:image\/svg+xml,%3Csvg%20xmlns%3D%27http%3A%2F%2Fwww.w3.org%2F2000%2Fsvg%27%20width%3D%27290%27%20height%3D%27260%27%20viewBox%3D%270%200%20290%20260%27%3E%3Crect%20width%3D%27290%27%20height%3D%27260%27%20fill-opacity%3D%220%22%2F%3E%3C%2Fsvg%3E\" data-srcset=\"https:\/\/hotelpimarblanes.com\/wp-content\/uploads\/2023\/01\/Ruta-de-las-ermitas-200x179.jpg 200w, https:\/\/hotelpimarblanes.com\/wp-content\/uploads\/2023\/01\/Ruta-de-las-ermitas.jpg 290w\" data-sizes=\"auto\" data-orig-sizes=\"(max-width: 1024px) 100vw, (max-width: 640px) 100vw, 290px\" \/><\/span><\/div><div class=\"fusion-content-boxes content-boxes columns row fusion-columns-1 fusion-columns-total-1 fusion-content-boxes-1 content-boxes-icon-on-top content-left\" style=\"--awb-margin-bottom:0px;--awb-hover-accent-color:var(--awb-color4);--awb-circle-hover-accent-color:var(--awb-color4);--awb-item-margin-bottom:40px;\" data-animationOffset=\"top-into-view\"><div style=\"--awb-backgroundcolor:var(--awb-color1);\" class=\"fusion-column content-box-column content-box-column content-box-column-1 col-lg-12 col-md-12 col-sm-12 fusion-content-box-hover content-box-column-last content-box-column-last-in-row\"><div class=\"col content-box-wrapper content-wrapper-background link-area-box link-type-text icon-hover-animation-pulsate\" data-link=\"https:\/\/www.blanescostabrava.cat\/wp-content\/uploads\/2018\/07\/ERMITES_fr.pdf\" data-link-target=\"_self\" data-animationOffset=\"top-into-view\"><div class=\"heading icon-left\"><a class=\"heading-link\" href=\"https:\/\/www.blanescostabrava.cat\/wp-content\/uploads\/2018\/07\/ERMITES_fr.pdf\" target=\"_self\"><h2 class=\"content-box-heading fusion-responsive-typography-calculated\" style=\"--h2_typography-font-size:24px;--fontSize:24;line-height:var(--awb-typography1-line-height);\">ITIN\u00c9RAIRES DES ERMITGES<\/h2><\/a><\/div><div class=\"fusion-clearfix\"><\/div><div class=\"content-container\">\n<div class=\"fusion-separator\" style=\"align-self: center;margin-left: auto;margin-right: auto;margin-top:10px;margin-bottom:20px;width:100%;max-width:50px;\"><div class=\"fusion-separator-border sep-single sep-solid\" style=\"--awb-height:20px;--awb-amount:20px;--awb-sep-color:var(--awb-color4);border-color:var(--awb-color4);border-top-width:1px;\"><\/div><\/div>\nC\u2019est un itin\u00e9raire qui unit petits et grands ermitages de Blanes, chacun avec sa propre histoire, l\u00e9gende et curiosit\u00e9s que vous pourrez d\u00e9couvrir dans cet itin\u00e9raire qui les unit.<div class=\"fusion-separator fusion-full-width-sep\" style=\"align-self: center;margin-left: auto;margin-right: auto;margin-top:20px;margin-bottom:0px;width:100%;\"><\/div><div style=\"text-align:center;\"><a class=\"fusion-button button-flat button-large button-default fusion-button-default button-1 fusion-button-default-span \" style=\"--button-border-radius-top-left:0;--button-border-radius-top-right:0;--button-border-radius-bottom-right:0;--button-border-radius-bottom-left:0;\" target=\"_self\" href=\"https:\/\/www.blanescostabrava.cat\/wp-content\/uploads\/2018\/07\/ERMITES_fr.pdf\"><span class=\"fusion-button-text awb-button__text awb-button__text--default fusion-button-text-right\">Voir Plus<\/span><span class=\"fusion-button-icon-divider button-icon-divider-right\"><i class=\"icon-hotel-angle-right-solid awb-button__icon awb-button__icon--default\" aria-hidden=\"true\"><\/i><\/span><\/a><\/div>\n<\/div><\/div><\/div><div class=\"fusion-clearfix\"><\/div><\/div><\/div><\/div><div class=\"fusion-layout-column fusion_builder_column fusion-builder-column-2 fusion_builder_column_1_3 1_3 fusion-flex-column\" style=\"--awb-padding-right:40px;--awb-padding-left:40px;--awb-bg-position:center center;--awb-bg-size:cover;--awb-width-large:33.333333333333%;--awb-margin-top-large:0px;--awb-spacing-right-large:calc( 0.06 * calc( 100% - 0px ) );--awb-margin-bottom-large:20px;--awb-spacing-left-large:0px;--awb-width-medium:100%;--awb-order-medium:0;--awb-spacing-right-medium:0px;--awb-spacing-left-medium:0px;--awb-width-small:100%;--awb-order-small:0;--awb-spacing-right-small:0px;--awb-spacing-left-small:0px;\"><div class=\"fusion-column-wrapper fusion-column-has-shadow fusion-flex-justify-content-flex-start fusion-content-layout-column\"><div class=\"fusion-image-element \" style=\"--awb-caption-title-font-family:var(--h2_typography-font-family);--awb-caption-title-font-weight:var(--h2_typography-font-weight);--awb-caption-title-font-style:var(--h2_typography-font-style);--awb-caption-title-size:var(--h2_typography-font-size);--awb-caption-title-transform:var(--h2_typography-text-transform);--awb-caption-title-line-height:var(--h2_typography-line-height);--awb-caption-title-letter-spacing:var(--h2_typography-letter-spacing);\"><span class=\" fusion-imageframe imageframe-none imageframe-2 hover-type-none\"><img decoding=\"async\" width=\"290\" height=\"260\" title=\"Castillo-de-Sant-Joan\" src=\"https:\/\/hotelpimarblanes.com\/wp-content\/uploads\/2023\/01\/Castillo-de-Sant-Joan.jpg\" data-orig-src=\"https:\/\/hotelpimarblanes.com\/wp-content\/uploads\/2023\/01\/Castillo-de-Sant-Joan.jpg\" alt class=\"lazyload img-responsive wp-image-3619\" srcset=\"data:image\/svg+xml,%3Csvg%20xmlns%3D%27http%3A%2F%2Fwww.w3.org%2F2000%2Fsvg%27%20width%3D%27290%27%20height%3D%27260%27%20viewBox%3D%270%200%20290%20260%27%3E%3Crect%20width%3D%27290%27%20height%3D%27260%27%20fill-opacity%3D%220%22%2F%3E%3C%2Fsvg%3E\" data-srcset=\"https:\/\/hotelpimarblanes.com\/wp-content\/uploads\/2023\/01\/Castillo-de-Sant-Joan-200x179.jpg 200w, https:\/\/hotelpimarblanes.com\/wp-content\/uploads\/2023\/01\/Castillo-de-Sant-Joan.jpg 290w\" data-sizes=\"auto\" data-orig-sizes=\"(max-width: 1024px) 100vw, (max-width: 640px) 100vw, 290px\" \/><\/span><\/div><div class=\"fusion-content-boxes content-boxes columns row fusion-columns-1 fusion-columns-total-1 fusion-content-boxes-2 content-boxes-icon-on-top content-left\" style=\"--awb-margin-bottom:0px;--awb-hover-accent-color:var(--awb-color4);--awb-circle-hover-accent-color:var(--awb-color4);--awb-item-margin-bottom:40px;\" data-animationOffset=\"top-into-view\"><div style=\"--awb-backgroundcolor:var(--awb-color1);\" class=\"fusion-column content-box-column content-box-column content-box-column-1 col-lg-12 col-md-12 col-sm-12 fusion-content-box-hover content-box-column-last content-box-column-last-in-row\"><div class=\"col content-box-wrapper content-wrapper-background link-area-box link-type-text icon-hover-animation-pulsate\" data-link=\"https:\/\/www.blanescostabrava.cat\/es\/castell-de-sant-joan\/\" data-link-target=\"_self\" data-animationOffset=\"top-into-view\"><div class=\"heading icon-left\"><a class=\"heading-link\" href=\"https:\/\/www.blanescostabrava.cat\/es\/castell-de-sant-joan\/\" target=\"_self\"><h2 class=\"content-box-heading fusion-responsive-typography-calculated\" style=\"--h2_typography-font-size:24px;--fontSize:24;line-height:var(--awb-typography1-line-height);\">CH\u00c2TEAU DE SANT JOAN<\/h2><\/a><\/div><div class=\"fusion-clearfix\"><\/div><div class=\"content-container\">\n<div class=\"fusion-separator\" style=\"align-self: center;margin-left: auto;margin-right: auto;margin-top:10px;margin-bottom:20px;width:100%;max-width:50px;\"><div class=\"fusion-separator-border sep-single sep-solid\" style=\"--awb-height:20px;--awb-amount:20px;--awb-sep-color:var(--awb-color4);border-color:var(--awb-color4);border-top-width:1px;\"><\/div><\/div>\nC\u2019est l\u2019un des b\u00e2timents les plus embl\u00e9matiques de Blanes, situ\u00e9 au sommet de la colline de Sant Joan, \u00e0 173 m de hauteur, c\u2019est l\u2019endroit id\u00e9al pour profiter des meilleures vues de Blanes.<div class=\"fusion-separator fusion-full-width-sep\" style=\"align-self: center;margin-left: auto;margin-right: auto;margin-top:20px;margin-bottom:0px;width:100%;\"><\/div>\n<div style=\"text-align:center;\"><a class=\"fusion-button button-flat button-large button-default fusion-button-default button-2 fusion-button-default-span \" style=\"--button-border-radius-top-left:0;--button-border-radius-top-right:0;--button-border-radius-bottom-right:0;--button-border-radius-bottom-left:0;\" target=\"_self\" href=\"https:\/\/www.blanescostabrava.cat\/es\/castell-de-sant-joan\/\"><span class=\"fusion-button-text awb-button__text awb-button__text--default fusion-button-text-right\">Voir Plus<\/span><span class=\"fusion-button-icon-divider button-icon-divider-right\"><i class=\"icon-hotel-angle-right-solid awb-button__icon awb-button__icon--default\" aria-hidden=\"true\"><\/i><\/span><\/a><\/div>\n<\/div><\/div><\/div><div class=\"fusion-clearfix\"><\/div><\/div><\/div><\/div><div class=\"fusion-layout-column fusion_builder_column fusion-builder-column-3 fusion_builder_column_1_3 1_3 fusion-flex-column\" style=\"--awb-padding-right:40px;--awb-padding-left:40px;--awb-bg-position:center center;--awb-bg-size:cover;--awb-width-large:33.333333333333%;--awb-margin-top-large:0px;--awb-spacing-right-large:calc( 0.06 * calc( 100% - 0px ) );--awb-margin-bottom-large:20px;--awb-spacing-left-large:0px;--awb-width-medium:100%;--awb-order-medium:0;--awb-spacing-right-medium:0px;--awb-spacing-left-medium:0px;--awb-width-small:100%;--awb-order-small:0;--awb-spacing-right-small:0px;--awb-spacing-left-small:0px;\"><div class=\"fusion-column-wrapper fusion-column-has-shadow fusion-flex-justify-content-flex-start fusion-content-layout-column\"><div class=\"fusion-image-element \" style=\"--awb-caption-title-font-family:var(--h2_typography-font-family);--awb-caption-title-font-weight:var(--h2_typography-font-weight);--awb-caption-title-font-style:var(--h2_typography-font-style);--awb-caption-title-size:var(--h2_typography-font-size);--awb-caption-title-transform:var(--h2_typography-text-transform);--awb-caption-title-line-height:var(--h2_typography-line-height);--awb-caption-title-letter-spacing:var(--h2_typography-letter-spacing);\"><span class=\" fusion-imageframe imageframe-none imageframe-3 hover-type-none\"><img decoding=\"async\" width=\"290\" height=\"260\" title=\"Puerto-pesquero\" src=\"https:\/\/hotelpimarblanes.com\/wp-content\/uploads\/2023\/01\/Puerto-pesquero.jpg\" data-orig-src=\"https:\/\/hotelpimarblanes.com\/wp-content\/uploads\/2023\/01\/Puerto-pesquero.jpg\" alt class=\"lazyload img-responsive wp-image-3616\" srcset=\"data:image\/svg+xml,%3Csvg%20xmlns%3D%27http%3A%2F%2Fwww.w3.org%2F2000%2Fsvg%27%20width%3D%27290%27%20height%3D%27260%27%20viewBox%3D%270%200%20290%20260%27%3E%3Crect%20width%3D%27290%27%20height%3D%27260%27%20fill-opacity%3D%220%22%2F%3E%3C%2Fsvg%3E\" data-srcset=\"https:\/\/hotelpimarblanes.com\/wp-content\/uploads\/2023\/01\/Puerto-pesquero-200x179.jpg 200w, https:\/\/hotelpimarblanes.com\/wp-content\/uploads\/2023\/01\/Puerto-pesquero.jpg 290w\" data-sizes=\"auto\" data-orig-sizes=\"(max-width: 1024px) 100vw, (max-width: 640px) 100vw, 290px\" \/><\/span><\/div><div class=\"fusion-content-boxes content-boxes columns row fusion-columns-1 fusion-columns-total-1 fusion-content-boxes-3 content-boxes-icon-on-top content-left\" style=\"--awb-margin-bottom:0px;--awb-hover-accent-color:var(--awb-color4);--awb-circle-hover-accent-color:var(--awb-color4);--awb-item-margin-bottom:40px;\" data-animationOffset=\"top-into-view\"><div style=\"--awb-backgroundcolor:var(--awb-color1);\" class=\"fusion-column content-box-column content-box-column content-box-column-1 col-lg-12 col-md-12 col-sm-12 fusion-content-box-hover content-box-column-last content-box-column-last-in-row\"><div class=\"col content-box-wrapper content-wrapper-background link-area-box link-type-text icon-hover-animation-pulsate\" data-link=\"https:\/\/www.catalunya.com\/port-de-blanes-17-15002-28?language=es\" data-link-target=\"_self\" data-animationOffset=\"top-into-view\"><div class=\"heading icon-left\"><a class=\"heading-link\" href=\"https:\/\/www.catalunya.com\/port-de-blanes-17-15002-28?language=es\" target=\"_self\"><h2 class=\"content-box-heading fusion-responsive-typography-calculated\" style=\"--h2_typography-font-size:24px;--fontSize:24;line-height:var(--awb-typography1-line-height);\">PORT DE P\u00caCHE<\/h2><\/a><\/div><div class=\"fusion-clearfix\"><\/div><div class=\"content-container\">\n<div class=\"fusion-separator\" style=\"align-self: center;margin-left: auto;margin-right: auto;margin-top:10px;margin-bottom:20px;width:100%;max-width:50px;\"><div class=\"fusion-separator-border sep-single sep-solid\" style=\"--awb-height:20px;--awb-amount:20px;--awb-sep-color:var(--awb-color4);border-color:var(--awb-color4);border-top-width:1px;\"><\/div><\/div>\nLe port de Blanes allie p\u00eache et sport. Dans le quai de p\u00eache, il y a 4 quais et 52 bateaux de p\u00eache et dans le quai des sports, il y a 4 quais avec 717 amarrages.<div class=\"fusion-separator fusion-full-width-sep\" style=\"align-self: center;margin-left: auto;margin-right: auto;margin-top:20px;margin-bottom:0px;width:100%;\"><\/div>\n<div style=\"text-align:center;\"><a class=\"fusion-button button-flat button-large button-default fusion-button-default button-3 fusion-button-default-span \" style=\"--button-border-radius-top-left:0;--button-border-radius-top-right:0;--button-border-radius-bottom-right:0;--button-border-radius-bottom-left:0;\" target=\"_self\" href=\"https:\/\/www.catalunya.com\/port-de-blanes-17-15002-28?language=es\"><span class=\"fusion-button-text awb-button__text awb-button__text--default fusion-button-text-right\">Voir Plus<\/span><span class=\"fusion-button-icon-divider button-icon-divider-right\"><i class=\"icon-hotel-angle-right-solid awb-button__icon awb-button__icon--default\" aria-hidden=\"true\"><\/i><\/span><\/a><\/div>\n<\/div><\/div><\/div><div class=\"fusion-clearfix\"><\/div><\/div><\/div><\/div><\/div><\/div>\n","protected":false},"excerpt":{"rendered":"","protected":false},"author":1,"featured_media":0,"parent":3904,"menu_order":1,"comment_status":"closed","ping_status":"closed","template":"100-width.php","meta":{"footnotes":""},"class_list":["post-3967","page","type-page","status-publish","hentry"],"yoast_head":"<!-- This site is optimized with the Yoast SEO plugin v26.9 - https:\/\/yoast.com\/product\/yoast-seo-wordpress\/ -->\n<title>Patrimoine &amp; Culture - Hotel &amp; Spa Pimar<\/title>\n<meta name=\"robots\" content=\"index, follow, max-snippet:-1, max-image-preview:large, max-video-preview:-1\" \/>\n<link rel=\"canonical\" href=\"https:\/\/hotelpimarblanes.com\/fr\/lieux-a-visiter-a-blanes\/patrimoine-culture\/\" \/>\n<meta property=\"og:locale\" content=\"fr_FR\" \/>\n<meta property=\"og:type\" content=\"article\" \/>\n<meta property=\"og:title\" content=\"Patrimoine &amp; Culture - Hotel &amp; Spa Pimar\" \/>\n<meta property=\"og:url\" content=\"https:\/\/hotelpimarblanes.com\/fr\/lieux-a-visiter-a-blanes\/patrimoine-culture\/\" \/>\n<meta property=\"og:site_name\" content=\"Hotel &amp; Spa Pimar\" \/>\n<meta property=\"article:modified_time\" content=\"2023-02-07T09:48:33+00:00\" \/>\n<meta name=\"twitter:card\" content=\"summary_large_image\" \/>\n<meta name=\"twitter:label1\" content=\"Dur\u00e9e de lecture estim\u00e9e\" \/>\n\t<meta name=\"twitter:data1\" content=\"21 minutes\" \/>\n<script type=\"application\/ld+json\" class=\"yoast-schema-graph\">{\"@context\":\"https:\/\/schema.org\",\"@graph\":[{\"@type\":\"WebPage\",\"@id\":\"https:\/\/hotelpimarblanes.com\/fr\/lieux-a-visiter-a-blanes\/patrimoine-culture\/\",\"url\":\"https:\/\/hotelpimarblanes.com\/fr\/lieux-a-visiter-a-blanes\/patrimoine-culture\/\",\"name\":\"Patrimoine & Culture - Hotel &amp; Spa Pimar\",\"isPartOf\":{\"@id\":\"https:\/\/hotelpimarblanes.com\/fr\/#website\"},\"datePublished\":\"2023-01-09T09:26:12+00:00\",\"dateModified\":\"2023-02-07T09:48:33+00:00\",\"breadcrumb\":{\"@id\":\"https:\/\/hotelpimarblanes.com\/fr\/lieux-a-visiter-a-blanes\/patrimoine-culture\/#breadcrumb\"},\"inLanguage\":\"fr-FR\",\"potentialAction\":[{\"@type\":\"ReadAction\",\"target\":[\"https:\/\/hotelpimarblanes.com\/fr\/lieux-a-visiter-a-blanes\/patrimoine-culture\/\"]}]},{\"@type\":\"BreadcrumbList\",\"@id\":\"https:\/\/hotelpimarblanes.com\/fr\/lieux-a-visiter-a-blanes\/patrimoine-culture\/#breadcrumb\",\"itemListElement\":[{\"@type\":\"ListItem\",\"position\":1,\"name\":\"Portada\",\"item\":\"https:\/\/hotelpimarblanes.com\/fr\/\"},{\"@type\":\"ListItem\",\"position\":2,\"name\":\"Lieux \u00e0 visiter \u00e0 Blanes\",\"item\":\"https:\/\/hotelpimarblanes.com\/fr\/sitios-a-visitar-en-blanes\/\"},{\"@type\":\"ListItem\",\"position\":3,\"name\":\"Patrimoine &#038; Culture\"}]},{\"@type\":\"WebSite\",\"@id\":\"https:\/\/hotelpimarblanes.com\/fr\/#website\",\"url\":\"https:\/\/hotelpimarblanes.com\/fr\/\",\"name\":\"Hotel &amp; Spa Pimar\",\"description\":\"Hotel &amp; Spa Blanes\",\"publisher\":{\"@id\":\"https:\/\/hotelpimarblanes.com\/fr\/#organization\"},\"potentialAction\":[{\"@type\":\"SearchAction\",\"target\":{\"@type\":\"EntryPoint\",\"urlTemplate\":\"https:\/\/hotelpimarblanes.com\/fr\/?s={search_term_string}\"},\"query-input\":{\"@type\":\"PropertyValueSpecification\",\"valueRequired\":true,\"valueName\":\"search_term_string\"}}],\"inLanguage\":\"fr-FR\"},{\"@type\":\"Organization\",\"@id\":\"https:\/\/hotelpimarblanes.com\/fr\/#organization\",\"name\":\"Hotel &amp; Spa Pimar\",\"url\":\"https:\/\/hotelpimarblanes.com\/fr\/\",\"logo\":{\"@type\":\"ImageObject\",\"inLanguage\":\"fr-FR\",\"@id\":\"https:\/\/hotelpimarblanes.com\/fr\/#\/schema\/logo\/image\/\",\"url\":\"\",\"contentUrl\":\"\",\"caption\":\"Hotel &amp; Spa Pimar\"},\"image\":{\"@id\":\"https:\/\/hotelpimarblanes.com\/fr\/#\/schema\/logo\/image\/\"}}]}<\/script>\n<!-- \/ Yoast SEO plugin. -->","yoast_head_json":{"title":"Patrimoine & Culture - Hotel &amp; Spa Pimar","robots":{"index":"index","follow":"follow","max-snippet":"max-snippet:-1","max-image-preview":"max-image-preview:large","max-video-preview":"max-video-preview:-1"},"canonical":"https:\/\/hotelpimarblanes.com\/fr\/lieux-a-visiter-a-blanes\/patrimoine-culture\/","og_locale":"fr_FR","og_type":"article","og_title":"Patrimoine & Culture - Hotel &amp; Spa Pimar","og_url":"https:\/\/hotelpimarblanes.com\/fr\/lieux-a-visiter-a-blanes\/patrimoine-culture\/","og_site_name":"Hotel &amp; Spa Pimar","article_modified_time":"2023-02-07T09:48:33+00:00","twitter_card":"summary_large_image","twitter_misc":{"Dur\u00e9e de lecture estim\u00e9e":"21 minutes"},"schema":{"@context":"https:\/\/schema.org","@graph":[{"@type":"WebPage","@id":"https:\/\/hotelpimarblanes.com\/fr\/lieux-a-visiter-a-blanes\/patrimoine-culture\/","url":"https:\/\/hotelpimarblanes.com\/fr\/lieux-a-visiter-a-blanes\/patrimoine-culture\/","name":"Patrimoine & Culture - Hotel &amp; Spa Pimar","isPartOf":{"@id":"https:\/\/hotelpimarblanes.com\/fr\/#website"},"datePublished":"2023-01-09T09:26:12+00:00","dateModified":"2023-02-07T09:48:33+00:00","breadcrumb":{"@id":"https:\/\/hotelpimarblanes.com\/fr\/lieux-a-visiter-a-blanes\/patrimoine-culture\/#breadcrumb"},"inLanguage":"fr-FR","potentialAction":[{"@type":"ReadAction","target":["https:\/\/hotelpimarblanes.com\/fr\/lieux-a-visiter-a-blanes\/patrimoine-culture\/"]}]},{"@type":"BreadcrumbList","@id":"https:\/\/hotelpimarblanes.com\/fr\/lieux-a-visiter-a-blanes\/patrimoine-culture\/#breadcrumb","itemListElement":[{"@type":"ListItem","position":1,"name":"Portada","item":"https:\/\/hotelpimarblanes.com\/fr\/"},{"@type":"ListItem","position":2,"name":"Lieux \u00e0 visiter \u00e0 Blanes","item":"https:\/\/hotelpimarblanes.com\/fr\/sitios-a-visitar-en-blanes\/"},{"@type":"ListItem","position":3,"name":"Patrimoine &#038; Culture"}]},{"@type":"WebSite","@id":"https:\/\/hotelpimarblanes.com\/fr\/#website","url":"https:\/\/hotelpimarblanes.com\/fr\/","name":"Hotel &amp; Spa Pimar","description":"Hotel &amp; Spa Blanes","publisher":{"@id":"https:\/\/hotelpimarblanes.com\/fr\/#organization"},"potentialAction":[{"@type":"SearchAction","target":{"@type":"EntryPoint","urlTemplate":"https:\/\/hotelpimarblanes.com\/fr\/?s={search_term_string}"},"query-input":{"@type":"PropertyValueSpecification","valueRequired":true,"valueName":"search_term_string"}}],"inLanguage":"fr-FR"},{"@type":"Organization","@id":"https:\/\/hotelpimarblanes.com\/fr\/#organization","name":"Hotel &amp; Spa Pimar","url":"https:\/\/hotelpimarblanes.com\/fr\/","logo":{"@type":"ImageObject","inLanguage":"fr-FR","@id":"https:\/\/hotelpimarblanes.com\/fr\/#\/schema\/logo\/image\/","url":"","contentUrl":"","caption":"Hotel &amp; Spa Pimar"},"image":{"@id":"https:\/\/hotelpimarblanes.com\/fr\/#\/schema\/logo\/image\/"}}]}},"_links":{"self":[{"href":"https:\/\/hotelpimarblanes.com\/fr\/wp-json\/wp\/v2\/pages\/3967","targetHints":{"allow":["GET"]}}],"collection":[{"href":"https:\/\/hotelpimarblanes.com\/fr\/wp-json\/wp\/v2\/pages"}],"about":[{"href":"https:\/\/hotelpimarblanes.com\/fr\/wp-json\/wp\/v2\/types\/page"}],"author":[{"embeddable":true,"href":"https:\/\/hotelpimarblanes.com\/fr\/wp-json\/wp\/v2\/users\/1"}],"replies":[{"embeddable":true,"href":"https:\/\/hotelpimarblanes.com\/fr\/wp-json\/wp\/v2\/comments?post=3967"}],"version-history":[{"count":0,"href":"https:\/\/hotelpimarblanes.com\/fr\/wp-json\/wp\/v2\/pages\/3967\/revisions"}],"up":[{"embeddable":true,"href":"https:\/\/hotelpimarblanes.com\/fr\/wp-json\/wp\/v2\/pages\/3904"}],"wp:attachment":[{"href":"https:\/\/hotelpimarblanes.com\/fr\/wp-json\/wp\/v2\/media?parent=3967"}],"curies":[{"name":"wp","href":"https:\/\/api.w.org\/{rel}","templated":true}]}}