{"id":4014,"date":"2023-01-09T12:27:21","date_gmt":"2023-01-09T12:27:21","guid":{"rendered":"https:\/\/hotelpimarblanes.com\/politique-en-matiere-de-cookies\/"},"modified":"2026-03-26T12:22:16","modified_gmt":"2026-03-26T12:22:16","slug":"politique-en-matiere-de-cookies","status":"publish","type":"page","link":"https:\/\/hotelpimarblanes.com\/fr\/politique-en-matiere-de-cookies\/","title":{"rendered":"POLITIQUE EN MATI\u00c8RE DE COOKIES"},"content":{"rendered":"<p><strong><u>POLITIQUE EN MATI\u00c8RE DE COOKIES<\/u><\/strong><\/p>\n<p>Les cookies sont des donn\u00e9es sur l&rsquo;utilisateur d&rsquo;un site Web qui sont stock\u00e9es sur l&rsquo;ordinateur de l&rsquo;utilisateur et qui peuvent \u00eatre consult\u00e9es lorsque le site Web est revisit\u00e9. Il existe deux types de cookies : les \u00ab cookies de session \u00bb et les \u00ab cookies permanents \u00bb. Les cookies de session r\u00e9sident uniquement en m\u00e9moire et donc le cookie dispara\u00eet lorsque le navigateur est ferm\u00e9. Les cookies permanents, en revanche, restent sur l&rsquo;ordinateur.<\/p>\n<p>Ce site Web utilise les informations recueillies par le biais des cookies de session pour am\u00e9liorer le contenu et l&rsquo;utilisation des sites Web. Vous pouvez supprimer ou bloquer les cookies via le navigateur. Si vous n&rsquo;acceptez pas l&rsquo;utilisation de cookies, vous pouvez fermer le site Web que vous visitez.<\/p>\n<p><strong><u>CONDITIONS D&rsquo;INSCRIPTION UTILISATEUR<\/u><\/strong><\/p>\n<p>L&rsquo;inscription est totalement gratuite. Avec votre mot de passe d&rsquo;utilisateur, vous pouvez participer aux services que ce site Web offre \u00e0 ses utilisateurs de mani\u00e8re personnalis\u00e9e.<\/p>\n<p>Pour vous inscrire, il vous suffit de choisir un nom ou un alias et d&rsquo;avoir un compte de messagerie actif. Si vous \u00eates pr\u00e9occup\u00e9 par le traitement de vos donn\u00e9es, vous pouvez lire notre politique de confidentialit\u00e9.<\/p>\n<p>En tant qu&rsquo;utilisateur de ce site, il est essentiel que vous sachiez que\u00a0:<\/p>\n<p>Lors de votre inscription, nous collectons vos donn\u00e9es (informations personnelles et\/ou informations facultatives) pour vous proposer des services sp\u00e9cifiques et personnaliser votre exp\u00e9rience sur le site. Nous pouvons utiliser les informations que vous avez fournies pour vous envoyer des offres par e-mail ou par courrier qui vous int\u00e9ressent. Des informations sur la fa\u00e7on de se d\u00e9sinscrire et de cesser de recevoir de futurs e-mails de notre part sont incluses dans chacun de ces e-mails.<\/p>\n<p>Nous enverrons parfois des communications par e-mail ou par la poste pour vous fournir des informations susceptibles de vous int\u00e9resser, notamment des informations sur de nouveaux produits et services. Nous pouvons \u00e9galement vous contacter pour savoir si vous \u00eates int\u00e9ress\u00e9 \u00e0 participer \u00e0 une \u00e9tude de recherche. march\u00e9 li\u00e9 \u00e0 son activit\u00e9. Dans le cadre de notre politique, les e-mails ou cartes postales ne sont envoy\u00e9s qu&rsquo;aux clients qui l&rsquo;autorisent. Des informations sur la fa\u00e7on de se d\u00e9sinscrire et de cesser de recevoir de futurs e-mails de notre part sont incluses dans chacun de ces e-mails.<\/p>\n<p>Nous conservons g\u00e9n\u00e9ralement les informations de l&rsquo;utilisateur jusqu&rsquo;\u00e0 ce que vous vous d\u00e9sinscriviez ou jusqu&rsquo;\u00e0 l&rsquo;expiration de toute p\u00e9riode requise d\u00e9crite dans la loi applicable. Vous pouvez nous demander des d\u00e9tails sur vos informations personnelles que nous conservons et vous pouvez \u00e9galement nous demander d&rsquo;exercer les droits que vous avez selon la LOPD. Pour nous contacter, vous pouvez le faire depuis le site Web ou par e-mail \u00e0 pimar@hotelpimar.com<\/p>\n","protected":false},"excerpt":{"rendered":"<p>POLITIQUE EN MATI\u00c8RE DE COOKIES Les cookies sont des donn\u00e9es sur l&rsquo;utilisateur d&rsquo;un site Web qui sont stock\u00e9es sur l&rsquo;ordinateur de l&rsquo;utilisateur et qui peuvent \u00eatre consult\u00e9es lorsque le site Web est revisit\u00e9. Il existe deux types de cookies :  [&#8230;]<\/p>\n","protected":false},"author":1,"featured_media":0,"parent":0,"menu_order":0,"comment_status":"closed","ping_status":"closed","template":"","meta":{"footnotes":""},"class_list":["post-4014","page","type-page","status-publish","hentry"],"yoast_head":"<!-- This site is optimized with the Yoast SEO plugin v26.9 - https:\/\/yoast.com\/product\/yoast-seo-wordpress\/ -->\n<title>POLITIQUE EN MATI\u00c8RE DE COOKIES - Hotel &amp; Spa Pimar<\/title>\n<meta name=\"robots\" content=\"index, follow, max-snippet:-1, max-image-preview:large, max-video-preview:-1\" \/>\n<link rel=\"canonical\" href=\"https:\/\/hotelpimarblanes.com\/fr\/politique-en-matiere-de-cookies\/\" \/>\n<meta property=\"og:locale\" content=\"fr_FR\" \/>\n<meta property=\"og:type\" content=\"article\" \/>\n<meta property=\"og:title\" content=\"POLITIQUE EN MATI\u00c8RE DE COOKIES - Hotel &amp; Spa Pimar\" \/>\n<meta property=\"og:description\" content=\"POLITIQUE EN MATI\u00c8RE DE COOKIES Les cookies sont des donn\u00e9es sur l&rsquo;utilisateur d&rsquo;un site Web qui sont stock\u00e9es sur l&rsquo;ordinateur de l&rsquo;utilisateur et qui peuvent \u00eatre consult\u00e9es lorsque le site Web est revisit\u00e9. Il existe deux types de cookies : [...]\" \/>\n<meta property=\"og:url\" content=\"https:\/\/hotelpimarblanes.com\/fr\/politique-en-matiere-de-cookies\/\" \/>\n<meta property=\"og:site_name\" content=\"Hotel &amp; Spa Pimar\" \/>\n<meta property=\"article:modified_time\" content=\"2026-03-26T12:22:16+00:00\" \/>\n<meta name=\"twitter:card\" content=\"summary_large_image\" \/>\n<meta name=\"twitter:label1\" content=\"Dur\u00e9e de lecture estim\u00e9e\" \/>\n\t<meta name=\"twitter:data1\" content=\"3 minutes\" \/>\n<script type=\"application\/ld+json\" class=\"yoast-schema-graph\">{\"@context\":\"https:\/\/schema.org\",\"@graph\":[{\"@type\":\"WebPage\",\"@id\":\"https:\/\/hotelpimarblanes.com\/fr\/politique-en-matiere-de-cookies\/\",\"url\":\"https:\/\/hotelpimarblanes.com\/fr\/politique-en-matiere-de-cookies\/\",\"name\":\"POLITIQUE EN MATI\u00c8RE DE COOKIES - Hotel &amp; Spa Pimar\",\"isPartOf\":{\"@id\":\"https:\/\/hotelpimarblanes.com\/fr\/#website\"},\"datePublished\":\"2023-01-09T12:27:21+00:00\",\"dateModified\":\"2026-03-26T12:22:16+00:00\",\"breadcrumb\":{\"@id\":\"https:\/\/hotelpimarblanes.com\/fr\/politique-en-matiere-de-cookies\/#breadcrumb\"},\"inLanguage\":\"fr-FR\",\"potentialAction\":[{\"@type\":\"ReadAction\",\"target\":[\"https:\/\/hotelpimarblanes.com\/fr\/politique-en-matiere-de-cookies\/\"]}]},{\"@type\":\"BreadcrumbList\",\"@id\":\"https:\/\/hotelpimarblanes.com\/fr\/politique-en-matiere-de-cookies\/#breadcrumb\",\"itemListElement\":[{\"@type\":\"ListItem\",\"position\":1,\"name\":\"Portada\",\"item\":\"https:\/\/hotelpimarblanes.com\/fr\/\"},{\"@type\":\"ListItem\",\"position\":2,\"name\":\"POLITIQUE EN MATI\u00c8RE DE COOKIES\"}]},{\"@type\":\"WebSite\",\"@id\":\"https:\/\/hotelpimarblanes.com\/fr\/#website\",\"url\":\"https:\/\/hotelpimarblanes.com\/fr\/\",\"name\":\"Hotel &amp; Spa Pimar\",\"description\":\"Hotel &amp; Spa Blanes\",\"publisher\":{\"@id\":\"https:\/\/hotelpimarblanes.com\/fr\/#organization\"},\"potentialAction\":[{\"@type\":\"SearchAction\",\"target\":{\"@type\":\"EntryPoint\",\"urlTemplate\":\"https:\/\/hotelpimarblanes.com\/fr\/?s={search_term_string}\"},\"query-input\":{\"@type\":\"PropertyValueSpecification\",\"valueRequired\":true,\"valueName\":\"search_term_string\"}}],\"inLanguage\":\"fr-FR\"},{\"@type\":\"Organization\",\"@id\":\"https:\/\/hotelpimarblanes.com\/fr\/#organization\",\"name\":\"Hotel &amp; Spa Pimar\",\"url\":\"https:\/\/hotelpimarblanes.com\/fr\/\",\"logo\":{\"@type\":\"ImageObject\",\"inLanguage\":\"fr-FR\",\"@id\":\"https:\/\/hotelpimarblanes.com\/fr\/#\/schema\/logo\/image\/\",\"url\":\"\",\"contentUrl\":\"\",\"caption\":\"Hotel &amp; Spa Pimar\"},\"image\":{\"@id\":\"https:\/\/hotelpimarblanes.com\/fr\/#\/schema\/logo\/image\/\"}}]}<\/script>\n<!-- \/ Yoast SEO plugin. -->","yoast_head_json":{"title":"POLITIQUE EN MATI\u00c8RE DE COOKIES - Hotel &amp; Spa Pimar","robots":{"index":"index","follow":"follow","max-snippet":"max-snippet:-1","max-image-preview":"max-image-preview:large","max-video-preview":"max-video-preview:-1"},"canonical":"https:\/\/hotelpimarblanes.com\/fr\/politique-en-matiere-de-cookies\/","og_locale":"fr_FR","og_type":"article","og_title":"POLITIQUE EN MATI\u00c8RE DE COOKIES - Hotel &amp; Spa Pimar","og_description":"POLITIQUE EN MATI\u00c8RE DE COOKIES Les cookies sont des donn\u00e9es sur l&rsquo;utilisateur d&rsquo;un site Web qui sont stock\u00e9es sur l&rsquo;ordinateur de l&rsquo;utilisateur et qui peuvent \u00eatre consult\u00e9es lorsque le site Web est revisit\u00e9. Il existe deux types de cookies : [...]","og_url":"https:\/\/hotelpimarblanes.com\/fr\/politique-en-matiere-de-cookies\/","og_site_name":"Hotel &amp; Spa Pimar","article_modified_time":"2026-03-26T12:22:16+00:00","twitter_card":"summary_large_image","twitter_misc":{"Dur\u00e9e de lecture estim\u00e9e":"3 minutes"},"schema":{"@context":"https:\/\/schema.org","@graph":[{"@type":"WebPage","@id":"https:\/\/hotelpimarblanes.com\/fr\/politique-en-matiere-de-cookies\/","url":"https:\/\/hotelpimarblanes.com\/fr\/politique-en-matiere-de-cookies\/","name":"POLITIQUE EN MATI\u00c8RE DE COOKIES - Hotel &amp; Spa Pimar","isPartOf":{"@id":"https:\/\/hotelpimarblanes.com\/fr\/#website"},"datePublished":"2023-01-09T12:27:21+00:00","dateModified":"2026-03-26T12:22:16+00:00","breadcrumb":{"@id":"https:\/\/hotelpimarblanes.com\/fr\/politique-en-matiere-de-cookies\/#breadcrumb"},"inLanguage":"fr-FR","potentialAction":[{"@type":"ReadAction","target":["https:\/\/hotelpimarblanes.com\/fr\/politique-en-matiere-de-cookies\/"]}]},{"@type":"BreadcrumbList","@id":"https:\/\/hotelpimarblanes.com\/fr\/politique-en-matiere-de-cookies\/#breadcrumb","itemListElement":[{"@type":"ListItem","position":1,"name":"Portada","item":"https:\/\/hotelpimarblanes.com\/fr\/"},{"@type":"ListItem","position":2,"name":"POLITIQUE EN MATI\u00c8RE DE COOKIES"}]},{"@type":"WebSite","@id":"https:\/\/hotelpimarblanes.com\/fr\/#website","url":"https:\/\/hotelpimarblanes.com\/fr\/","name":"Hotel &amp; Spa Pimar","description":"Hotel &amp; Spa Blanes","publisher":{"@id":"https:\/\/hotelpimarblanes.com\/fr\/#organization"},"potentialAction":[{"@type":"SearchAction","target":{"@type":"EntryPoint","urlTemplate":"https:\/\/hotelpimarblanes.com\/fr\/?s={search_term_string}"},"query-input":{"@type":"PropertyValueSpecification","valueRequired":true,"valueName":"search_term_string"}}],"inLanguage":"fr-FR"},{"@type":"Organization","@id":"https:\/\/hotelpimarblanes.com\/fr\/#organization","name":"Hotel &amp; Spa Pimar","url":"https:\/\/hotelpimarblanes.com\/fr\/","logo":{"@type":"ImageObject","inLanguage":"fr-FR","@id":"https:\/\/hotelpimarblanes.com\/fr\/#\/schema\/logo\/image\/","url":"","contentUrl":"","caption":"Hotel &amp; Spa Pimar"},"image":{"@id":"https:\/\/hotelpimarblanes.com\/fr\/#\/schema\/logo\/image\/"}}]}},"_links":{"self":[{"href":"https:\/\/hotelpimarblanes.com\/fr\/wp-json\/wp\/v2\/pages\/4014","targetHints":{"allow":["GET"]}}],"collection":[{"href":"https:\/\/hotelpimarblanes.com\/fr\/wp-json\/wp\/v2\/pages"}],"about":[{"href":"https:\/\/hotelpimarblanes.com\/fr\/wp-json\/wp\/v2\/types\/page"}],"author":[{"embeddable":true,"href":"https:\/\/hotelpimarblanes.com\/fr\/wp-json\/wp\/v2\/users\/1"}],"replies":[{"embeddable":true,"href":"https:\/\/hotelpimarblanes.com\/fr\/wp-json\/wp\/v2\/comments?post=4014"}],"version-history":[{"count":1,"href":"https:\/\/hotelpimarblanes.com\/fr\/wp-json\/wp\/v2\/pages\/4014\/revisions"}],"predecessor-version":[{"id":14200,"href":"https:\/\/hotelpimarblanes.com\/fr\/wp-json\/wp\/v2\/pages\/4014\/revisions\/14200"}],"wp:attachment":[{"href":"https:\/\/hotelpimarblanes.com\/fr\/wp-json\/wp\/v2\/media?parent=4014"}],"curies":[{"name":"wp","href":"https:\/\/api.w.org\/{rel}","templated":true}]}}