{"id":4066,"date":"2022-11-08T16:03:54","date_gmt":"2022-11-08T16:03:54","guid":{"rendered":"https:\/\/hotelpimarblanes.com\/politique-de-confidentialite\/"},"modified":"2023-02-21T16:30:16","modified_gmt":"2023-02-21T16:30:16","slug":"politique-de-confidentialite","status":"publish","type":"page","link":"https:\/\/hotelpimarblanes.com\/fr\/politique-de-confidentialite\/","title":{"rendered":"Politique de Confidentialit\u00e9"},"content":{"rendered":"<div class=\"fusion-fullwidth fullwidth-box fusion-builder-row-1 fusion-flex-container nonhundred-percent-fullwidth non-hundred-percent-height-scrolling\" style=\"--awb-border-radius-top-left:0px;--awb-border-radius-top-right:0px;--awb-border-radius-bottom-right:0px;--awb-border-radius-bottom-left:0px;--awb-flex-wrap:wrap;\" ><div class=\"fusion-builder-row fusion-row fusion-flex-align-items-flex-start fusion-flex-content-wrap\" style=\"max-width:1248px;margin-left: calc(-4% \/ 2 );margin-right: calc(-4% \/ 2 );\"><div class=\"fusion-layout-column fusion_builder_column fusion-builder-column-0 fusion_builder_column_1_1 1_1 fusion-flex-column\" style=\"--awb-bg-size:cover;--awb-width-large:100%;--awb-margin-top-large:0px;--awb-spacing-right-large:1.92%;--awb-margin-bottom-large:0px;--awb-spacing-left-large:1.92%;--awb-width-medium:100%;--awb-spacing-right-medium:1.92%;--awb-spacing-left-medium:1.92%;--awb-width-small:100%;--awb-spacing-right-small:1.92%;--awb-spacing-left-small:1.92%;\"><div class=\"fusion-column-wrapper fusion-flex-justify-content-flex-start fusion-content-layout-column\"><div class=\"fusion-text fusion-text-1\"><p><strong>POLITIQUE DE CONFIDENTIALIT\u00c9<\/strong><\/p>\n<p><strong>1. INFORMATIONS \u00c0 L\u2019UTILISATEUR.<\/strong><\/p>\n<p>Ist-66, S.L., ci-apr\u00e8s RESPONSABLE, est responsable du traitement des donn\u00e9es personnelles de l\u2019Utilisateur et l\u2019informe que ces donn\u00e9es seront trait\u00e9es conform\u00e9ment aux dispositions du R\u00e8glement (UE) 2016\/679 du 27 avril 2016 (GDPR) concernant la protection des personnes physiques \u00e0 l\u2019\u00e9gard du traitement des donn\u00e9es \u00e0 caract\u00e8re personnel et la libre circulation de ces donn\u00e9es, pour lesquelles les informations de traitement suivantes sont fournies:<\/p>\n<p><strong>Fin du traitement:<\/strong>\u00a0maintenir une relation commerciale avec l\u2019utilisateur. Les op\u00e9rations pr\u00e9vues pour r\u00e9aliser le traitement sont:<\/p>\n<ul>\n<li>Soumission de communications publicitaires commerciales par email, fax, SMS, MMS, communaut\u00e9s sociales ou tout autre moyen \u00e9lectronique ou physique, pr\u00e9sent ou futur, permettant des communications commerciales. Ces communications seront faites par le RESPONSABLE et li\u00e9es \u00e0 vos produits et services, ou \u00e0 vos collaborateurs ou fournisseurs avec lesquels cela a atteint un accord de promotion. Dans ce cas, les tiers n\u2019auront jamais acc\u00e8s aux donn\u00e9es personnelles.<\/li>\n<li>Effectuer des \u00e9tudes statistiques.<\/li>\n<li>Traiter les commandes, demandes ou tout type de demande effectu\u00e9e par l\u2019utilisateur via l\u2019un des formulaires de contact mis \u00e0 leur disposition.<\/li>\n<li>Envoyer la newsletter du site.<\/li>\n<\/ul>\n<p><strong>Crit\u00e8res de conservation des donn\u00e9es:<\/strong>\u00a0ils seront conserv\u00e9s dans l\u2019int\u00e9r\u00eat mutuel de maintenir la fin du traitement et lorsqu\u2019ils ne seront plus n\u00e9cessaires \u00e0 cet effet, ils seront \u00e9limin\u00e9s avec des mesures de s\u00e9curit\u00e9 ad\u00e9quates pour garantir la pseudonymisation des donn\u00e9es ou la destruction totale des donn\u00e9es.<\/p>\n<p><strong>Communication des donn\u00e9es:<\/strong>\u00a0Les donn\u00e9es ne seront pas communiqu\u00e9es \u00e0 des tiers, sauf obligation l\u00e9gale.<\/p>\n<p><strong>Droits qui aident l\u2019utilisateur:<\/strong><\/p>\n<ul>\n<li>Droit de retirer son consentement \u00e0 tout moment.<\/li>\n<li>Droit d\u2019acc\u00e8s, de rectification, de portabilit\u00e9 et de suppression de vos donn\u00e9es et la limitation ou l\u2019opposition \u00e0 votre traitement.<\/li>\n<li>Droit de d\u00e9poser une r\u00e9clamation aupr\u00e8s de l\u2019autorit\u00e9 de contr\u00f4le (agpd.es) si elle consid\u00e8re que le traitement n\u2019est pas conforme \u00e0 la r\u00e9glementation en vigueur.<\/li>\n<\/ul>\n<p><strong>Coordonn\u00e9es pour exercer vos droits:<\/strong><\/p>\n<p>Adresse postale: Ist-66, S.L. C\/ PASSEIG S\u2019ABANELL, 8 17300 Blanes (G\u00c9RONE). Email: <a href=\"mailto:pimar@hotelpimar.com\">pimar@hotelpimar.com<\/a><\/p>\n<p><strong>2. CARACT\u00c8RE OBLIGATOIRE OU FACULTATIF DES INFORMATIONS FOURNIES PAR L\u2019UTILISATEUR.<\/strong><\/p>\n<p>Les Utilisateurs, en cochant les champs de saisie cases appropri\u00e9es et les donn\u00e9es marqu\u00e9es d\u2019un ast\u00e9risque (*) dans le formulaire de contact ou pr\u00e9sent\u00e9es sous forme t\u00e9l\u00e9charger express\u00e9ment et librement et sans \u00e9quivoque accepter que leurs donn\u00e9es sont n\u00e9cessaire pour r\u00e9pondre \u00e0 votre demande, par le fournisseur, \u00e9tant volontaire l\u2019inclusion de donn\u00e9es dans les champs restants. L\u2019Utilisateur garantit que les donn\u00e9es personnelles fournies \u00e0 la personne RESPONSABLE est v\u00e9ridique et est responsable de la communication de toute modification de celle-ci. Responsable informe express\u00e9ment et garantit aux Utilisateurs que leurs donn\u00e9es personnelles ne seront pas divulgu\u00e9es en aucun cas \u00e0 des tiers, et toujours de proc\u00e9der \u00e0 tout transfert de donn\u00e9es \u00e0 caract\u00e8re personnel, le consentement, inform\u00e9 et sans \u00e9quivoque par les utilisateurs pr\u00e9c\u00e9demment pos\u00e9es. Toutes les donn\u00e9es demand\u00e9es sur le site sont obligatoires, car elles sont n\u00e9cessaires \u00e0 la fourniture d\u2019un service optimal \u00e0 l\u2019Utilisateur. Dans le cas o\u00f9 toutes les donn\u00e9es ne sont pas fournies, il n\u2019est pas garanti que l\u2019information et les services fournis seront compl\u00e8tement ajust\u00e9s \u00e0 vos besoins.<\/p>\n<p><strong>3. MESURES DE S\u00c9CURIT\u00c9.<\/strong><\/p>\n<p>Que conform\u00e9ment aux dispositions de la r\u00e9glementation en vigueur sur la protection des donn\u00e9es personnelles, le RESPONSABLE se conforme \u00e0 toutes les dispositions de la r\u00e9glementation GDPR pour le traitement des donn\u00e9es personnelles de sa responsabilit\u00e9, et manifestement aux principes d\u00e9crits \u00e0 l\u2019article 5 de la GDPR, pour lequel ils sont trait\u00e9s d\u2019une mani\u00e8re l\u00e9gale, loyale et transparente par rapport \u00e0 l\u2019int\u00e9ress\u00e9 et ad\u00e9quate, pertinente et limit\u00e9e \u00e0 ce qui est n\u00e9cessaire par rapport aux fins pour lesquelles ils sont trait\u00e9s.<\/p>\n<p>Le RESPONSABLE garantit qu\u2019il a mis en \u0153uvre des politiques techniques et organisationnelles appropri\u00e9es pour appliquer les mesures de s\u00e9curit\u00e9 \u00e9tablies par le GDPR afin de prot\u00e9ger les droits et libert\u00e9s des Utilisateurs et a communiqu\u00e9 les informations appropri\u00e9es afin qu\u2019elles puissent les exercer.<\/p>\n<\/div><\/div><\/div><\/div><\/div>","protected":false},"excerpt":{"rendered":"","protected":false},"author":1,"featured_media":0,"parent":0,"menu_order":0,"comment_status":"closed","ping_status":"open","template":"","meta":{"footnotes":""},"class_list":["post-4066","page","type-page","status-publish","hentry"],"yoast_head":"<!-- This site is optimized with the Yoast SEO plugin v26.9 - https:\/\/yoast.com\/product\/yoast-seo-wordpress\/ -->\n<title>Politique de Confidentialit\u00e9 - Hotel &amp; Spa Pimar<\/title>\n<meta name=\"robots\" content=\"index, follow, max-snippet:-1, max-image-preview:large, max-video-preview:-1\" \/>\n<link rel=\"canonical\" href=\"https:\/\/hotelpimarblanes.com\/fr\/politique-de-confidentialite\/\" \/>\n<meta property=\"og:locale\" content=\"fr_FR\" \/>\n<meta property=\"og:type\" content=\"article\" \/>\n<meta property=\"og:title\" content=\"Politique de Confidentialit\u00e9 - Hotel &amp; Spa Pimar\" \/>\n<meta property=\"og:url\" content=\"https:\/\/hotelpimarblanes.com\/fr\/politique-de-confidentialite\/\" \/>\n<meta property=\"og:site_name\" content=\"Hotel &amp; Spa Pimar\" \/>\n<meta property=\"article:modified_time\" content=\"2023-02-21T16:30:16+00:00\" \/>\n<meta name=\"twitter:card\" content=\"summary_large_image\" \/>\n<meta name=\"twitter:label1\" content=\"Dur\u00e9e de lecture estim\u00e9e\" \/>\n\t<meta name=\"twitter:data1\" content=\"4 minutes\" \/>\n<script type=\"application\/ld+json\" class=\"yoast-schema-graph\">{\"@context\":\"https:\/\/schema.org\",\"@graph\":[{\"@type\":\"WebPage\",\"@id\":\"https:\/\/hotelpimarblanes.com\/fr\/politique-de-confidentialite\/\",\"url\":\"https:\/\/hotelpimarblanes.com\/fr\/politique-de-confidentialite\/\",\"name\":\"Politique de Confidentialit\u00e9 - Hotel &amp; Spa Pimar\",\"isPartOf\":{\"@id\":\"https:\/\/hotelpimarblanes.com\/fr\/#website\"},\"datePublished\":\"2022-11-08T16:03:54+00:00\",\"dateModified\":\"2023-02-21T16:30:16+00:00\",\"breadcrumb\":{\"@id\":\"https:\/\/hotelpimarblanes.com\/fr\/politique-de-confidentialite\/#breadcrumb\"},\"inLanguage\":\"fr-FR\",\"potentialAction\":[{\"@type\":\"ReadAction\",\"target\":[\"https:\/\/hotelpimarblanes.com\/fr\/politique-de-confidentialite\/\"]}]},{\"@type\":\"BreadcrumbList\",\"@id\":\"https:\/\/hotelpimarblanes.com\/fr\/politique-de-confidentialite\/#breadcrumb\",\"itemListElement\":[{\"@type\":\"ListItem\",\"position\":1,\"name\":\"Portada\",\"item\":\"https:\/\/hotelpimarblanes.com\/fr\/\"},{\"@type\":\"ListItem\",\"position\":2,\"name\":\"Politique de Confidentialit\u00e9\"}]},{\"@type\":\"WebSite\",\"@id\":\"https:\/\/hotelpimarblanes.com\/fr\/#website\",\"url\":\"https:\/\/hotelpimarblanes.com\/fr\/\",\"name\":\"Hotel &amp; Spa Pimar\",\"description\":\"Hotel &amp; Spa Blanes\",\"publisher\":{\"@id\":\"https:\/\/hotelpimarblanes.com\/fr\/#organization\"},\"potentialAction\":[{\"@type\":\"SearchAction\",\"target\":{\"@type\":\"EntryPoint\",\"urlTemplate\":\"https:\/\/hotelpimarblanes.com\/fr\/?s={search_term_string}\"},\"query-input\":{\"@type\":\"PropertyValueSpecification\",\"valueRequired\":true,\"valueName\":\"search_term_string\"}}],\"inLanguage\":\"fr-FR\"},{\"@type\":\"Organization\",\"@id\":\"https:\/\/hotelpimarblanes.com\/fr\/#organization\",\"name\":\"Hotel &amp; Spa Pimar\",\"url\":\"https:\/\/hotelpimarblanes.com\/fr\/\",\"logo\":{\"@type\":\"ImageObject\",\"inLanguage\":\"fr-FR\",\"@id\":\"https:\/\/hotelpimarblanes.com\/fr\/#\/schema\/logo\/image\/\",\"url\":\"\",\"contentUrl\":\"\",\"caption\":\"Hotel &amp; Spa Pimar\"},\"image\":{\"@id\":\"https:\/\/hotelpimarblanes.com\/fr\/#\/schema\/logo\/image\/\"}}]}<\/script>\n<!-- \/ Yoast SEO plugin. -->","yoast_head_json":{"title":"Politique de Confidentialit\u00e9 - Hotel &amp; Spa Pimar","robots":{"index":"index","follow":"follow","max-snippet":"max-snippet:-1","max-image-preview":"max-image-preview:large","max-video-preview":"max-video-preview:-1"},"canonical":"https:\/\/hotelpimarblanes.com\/fr\/politique-de-confidentialite\/","og_locale":"fr_FR","og_type":"article","og_title":"Politique de Confidentialit\u00e9 - Hotel &amp; Spa Pimar","og_url":"https:\/\/hotelpimarblanes.com\/fr\/politique-de-confidentialite\/","og_site_name":"Hotel &amp; Spa Pimar","article_modified_time":"2023-02-21T16:30:16+00:00","twitter_card":"summary_large_image","twitter_misc":{"Dur\u00e9e de lecture estim\u00e9e":"4 minutes"},"schema":{"@context":"https:\/\/schema.org","@graph":[{"@type":"WebPage","@id":"https:\/\/hotelpimarblanes.com\/fr\/politique-de-confidentialite\/","url":"https:\/\/hotelpimarblanes.com\/fr\/politique-de-confidentialite\/","name":"Politique de Confidentialit\u00e9 - Hotel &amp; Spa Pimar","isPartOf":{"@id":"https:\/\/hotelpimarblanes.com\/fr\/#website"},"datePublished":"2022-11-08T16:03:54+00:00","dateModified":"2023-02-21T16:30:16+00:00","breadcrumb":{"@id":"https:\/\/hotelpimarblanes.com\/fr\/politique-de-confidentialite\/#breadcrumb"},"inLanguage":"fr-FR","potentialAction":[{"@type":"ReadAction","target":["https:\/\/hotelpimarblanes.com\/fr\/politique-de-confidentialite\/"]}]},{"@type":"BreadcrumbList","@id":"https:\/\/hotelpimarblanes.com\/fr\/politique-de-confidentialite\/#breadcrumb","itemListElement":[{"@type":"ListItem","position":1,"name":"Portada","item":"https:\/\/hotelpimarblanes.com\/fr\/"},{"@type":"ListItem","position":2,"name":"Politique de Confidentialit\u00e9"}]},{"@type":"WebSite","@id":"https:\/\/hotelpimarblanes.com\/fr\/#website","url":"https:\/\/hotelpimarblanes.com\/fr\/","name":"Hotel &amp; Spa Pimar","description":"Hotel &amp; Spa Blanes","publisher":{"@id":"https:\/\/hotelpimarblanes.com\/fr\/#organization"},"potentialAction":[{"@type":"SearchAction","target":{"@type":"EntryPoint","urlTemplate":"https:\/\/hotelpimarblanes.com\/fr\/?s={search_term_string}"},"query-input":{"@type":"PropertyValueSpecification","valueRequired":true,"valueName":"search_term_string"}}],"inLanguage":"fr-FR"},{"@type":"Organization","@id":"https:\/\/hotelpimarblanes.com\/fr\/#organization","name":"Hotel &amp; Spa Pimar","url":"https:\/\/hotelpimarblanes.com\/fr\/","logo":{"@type":"ImageObject","inLanguage":"fr-FR","@id":"https:\/\/hotelpimarblanes.com\/fr\/#\/schema\/logo\/image\/","url":"","contentUrl":"","caption":"Hotel &amp; Spa Pimar"},"image":{"@id":"https:\/\/hotelpimarblanes.com\/fr\/#\/schema\/logo\/image\/"}}]}},"_links":{"self":[{"href":"https:\/\/hotelpimarblanes.com\/fr\/wp-json\/wp\/v2\/pages\/4066","targetHints":{"allow":["GET"]}}],"collection":[{"href":"https:\/\/hotelpimarblanes.com\/fr\/wp-json\/wp\/v2\/pages"}],"about":[{"href":"https:\/\/hotelpimarblanes.com\/fr\/wp-json\/wp\/v2\/types\/page"}],"author":[{"embeddable":true,"href":"https:\/\/hotelpimarblanes.com\/fr\/wp-json\/wp\/v2\/users\/1"}],"replies":[{"embeddable":true,"href":"https:\/\/hotelpimarblanes.com\/fr\/wp-json\/wp\/v2\/comments?post=4066"}],"version-history":[{"count":0,"href":"https:\/\/hotelpimarblanes.com\/fr\/wp-json\/wp\/v2\/pages\/4066\/revisions"}],"wp:attachment":[{"href":"https:\/\/hotelpimarblanes.com\/fr\/wp-json\/wp\/v2\/media?parent=4066"}],"curies":[{"name":"wp","href":"https:\/\/api.w.org\/{rel}","templated":true}]}}