{"id":4076,"date":"2023-01-09T12:18:00","date_gmt":"2023-01-09T12:18:00","guid":{"rendered":"https:\/\/hotelpimarblanes.com\/avis-juridique\/"},"modified":"2025-09-04T13:26:17","modified_gmt":"2025-09-04T13:26:17","slug":"avis-juridique","status":"publish","type":"page","link":"https:\/\/hotelpimarblanes.com\/fr\/avis-juridique\/","title":{"rendered":"Avis Juridique"},"content":{"rendered":"<div class=\"fusion-fullwidth fullwidth-box fusion-builder-row-1 fusion-flex-container nonhundred-percent-fullwidth non-hundred-percent-height-scrolling\" style=\"--awb-border-radius-top-left:0px;--awb-border-radius-top-right:0px;--awb-border-radius-bottom-right:0px;--awb-border-radius-bottom-left:0px;--awb-flex-wrap:wrap;\" ><div class=\"fusion-builder-row fusion-row fusion-flex-align-items-flex-start fusion-flex-content-wrap\" style=\"max-width:1248px;margin-left: calc(-4% \/ 2 );margin-right: calc(-4% \/ 2 );\"><div class=\"fusion-layout-column fusion_builder_column fusion-builder-column-0 fusion_builder_column_1_1 1_1 fusion-flex-column\" style=\"--awb-bg-blend:overlay;--awb-bg-size:cover;--awb-width-large:100%;--awb-margin-top-large:0px;--awb-spacing-right-large:1.92%;--awb-margin-bottom-large:0px;--awb-spacing-left-large:1.92%;--awb-width-medium:100%;--awb-spacing-right-medium:1.92%;--awb-spacing-left-medium:1.92%;--awb-width-small:100%;--awb-spacing-right-small:1.92%;--awb-spacing-left-small:1.92%;\"><div class=\"fusion-column-wrapper fusion-flex-justify-content-flex-start fusion-content-layout-column\"><div class=\"fusion-text fusion-text-1\"><p><strong>AVIS JURIDIQUE<\/strong><\/p>\n<p>Conform\u00e9ment \u00e0 l\u2019article 10 de la loi 34\/2002, du 11 juillet, sur les services de la soci\u00e9t\u00e9 de l\u2019information et du commerce \u00e9lectronique (LSSICE), voici les d\u00e9tails d\u2019identification de la soci\u00e9t\u00e9:<\/p>\n<p><strong>Nom de la soci\u00e9t\u00e9:<\/strong> HOTEL PIMAR<\/p>\n<p><strong>Raison sociale:<\/strong> Ist-66, S.L CIF: B17529389<\/p>\n<p><b>Inscrit au registre de commerce de Girona: <\/b>Tomo:1117 Folio: 133 Hoja: GI-19970<\/p>\n<p><strong>Adresse:<\/strong> C\/ PASSEIG S\u2019ABANELL, 8 \u2013 17300- BLANES \u2013 G\u00c9RONE<\/p>\n<p><strong>T\u00e9l\u00e9phone:<\/strong> 972352817<\/p>\n<p><strong>Email:<\/strong> <a href=\"mailto:pimar@hotelpimar.com\">pimar@hotelpimar.com<\/a><\/p>\n<p><strong>BUT DE LA PAGE WEB.<\/strong><\/p>\n<p>L\u2019avis L\u00e9gal r\u00e9glemente l\u2019acc\u00e8s et l\u2019utilisation des utilisateurs au site web et vise \u00e0 faire conna\u00eetre les services et les produits de l\u2019entit\u00e9 et permettre un acc\u00e8s g\u00e9n\u00e9ral pour tous les utilisateurs d\u2019Internet.<\/p>\n<p>Cette notice l\u00e9gale (ci-apr\u00e8s la \u00abAvis Juridique\u00bb) r\u00e9glemente l\u2019utilisation du site: <a href=\"https:\/\/www.hotelpimar.com\/\">www.hotelpimar.com<\/a><\/p>\n<p><strong>LEGISLATION.<\/strong><\/p>\n<p>En g\u00e9n\u00e9ral, les relations entre B17529389 (HOTEL PIMAR) et les utilisateurs de ses services t\u00e9l\u00e9matiques, pr\u00e9sents sur ce site, sont soumises \u00e0 la l\u00e9gislation et \u00e0 la juridiction espagnole.<\/p>\n<p><strong>UTILISATION ET ACC\u00c8S DES UTILISATEURS.<\/strong><\/p>\n<p>L\u2019Utilisateur est inform\u00e9 et accepte que l\u2019acc\u00e8s \u00e0 ce site n\u2019implique en aucun cas le d\u00e9but d\u2019une relation commerciale avec Ist-66, S.L (Hotel Pimar) ou l\u2019une de ses d\u00e9l\u00e9gations.<\/p>\n<p><strong>PROPRI\u00c9T\u00c9 INTELLECTUELLE ET INDUSTRIELLE.<\/strong><\/p>\n<p>Les droits de propri\u00e9t\u00e9 intellectuelle sur le contenu des pages Web, leur conception graphique et codes sont la propri\u00e9t\u00e9 de Ist-66, SL (H\u00f4tel Pimar) et, par cons\u00e9quent, sa reproduction, distribution, communication publique, transformation ou toute autre activit\u00e9 cela peut \u00eatre fait avec le contenu de ses pages Web ou m\u00eame en citant les sources, sauf consentement \u00e9crit de Ist-66, SL (Hotel Pimar).<\/p>\n<p><strong>CONTENU DU SITE WEB ET LIENS.<\/strong><\/p>\n<p>Ist-66, S.L (H\u00f4tel Pimar) se r\u00e9serve le droit de mettre \u00e0 jour, de modifier ou d\u2019\u00e9liminer les informations contenues dans ses pages Web et peut m\u00eame limiter ou refuser l\u2019acc\u00e8s \u00e0 ces informations \u00e0 certains utilisateurs.<\/p>\n<p>Ist-66, S.L (Hotel Pimar) n\u2019assume aucune responsabilit\u00e9 pour les informations contenues dans les pages Web de tiers qui peuvent \u00eatre accessibles par des \u00abliens\u00bb ou des liens \u00e0 partir de n\u2019importe quelle page Web appartenant \u00e0 Ist-66, S.L (Hotel Pimar). La pr\u00e9sence de \u201cliens\u201d ou de liens sur les pages web de Ist-66, S.L (Hotel Pimar), est uniquement \u00e0 but informatif et ne constitue en aucun cas une suggestion, une invitation ou une recommandation \u00e0 leur \u00e9gard.<\/p>\n<p><strong>POLITIQUE DE COOKIES.<\/strong><\/p>\n<p>Ist-66, SL (H\u00f4tel Pimar), \u00e0 travers ce document, recueille sa collection de politiques et de traitement des cookies, conform\u00e9ment \u00e0 l\u2019article 22.2 de la loi 34\/2002 du 11 juillet, Services Soci\u00e9t\u00e9 de l\u2019information et commerce \u00e9lectronique (LSSICE).<\/p>\n<p>Les cookies sont stock\u00e9s dans l\u2019\u00e9quipement terminal de l\u2019utilisateur (ordinateur ou appareil mobile) et de recueillir des informations lors de la visite du site www.hotelpimar.com, afin d\u2019am\u00e9liorer la convivialit\u00e9 de la m\u00eame, de conna\u00eetre les habitudes de navigation des utilisateurs pour pouvoir les adapter, ainsi que d\u2019obtenir des informations \u00e0 des fins statistiques. Dans le cas des utilisateurs qui sont d\u00e9j\u00e0 clients de Ist-66, SL (Hotel Pimar), les informations recueillies avec les cookies seront \u00e9galement utilis\u00e9es pour les identifier lors de l\u2019acc\u00e8s aux diff\u00e9rents outils que Ist-66, SL (Hotel Pimar) met \u00e0 votre disposition pour la gestion des services.<\/p>\n<p>Cette politique de cookies sera applicable aux utilisateurs qui visitent volontairement les pages web de Ist-66, SL (H\u00f4tel Pimar), remplir des formulaires de collecte de donn\u00e9es, acc\u00e9der aux outils que HOTEL PIMAR, SL (H\u00f4tel Pimar) met \u00e0 disposition de ses clients \u00e0 g\u00e9rer leurs services, ou utiliser tout autre service pr\u00e9sent sur le site qui implique la communication de donn\u00e9es \u00e0 Ist-66, SL (H\u00f4tel Pimar), ou l\u2019acc\u00e8s aux donn\u00e9es par Ist-66, SL (Hotel Pimar), pour la fourniture de ses services.<\/p>\n<p>Ist-66, S.L (H\u00f4tel Pimar) informe les utilisateurs de ses pages Web de l\u2019existence de cookies et met \u00e0 disposition cette Politique afin de les informer sur l\u2019utilisation et le but de ceux-ci. Le fait de continuer la navigation \u00e0 travers ses pages implique la connaissance et l\u2019acceptation de cette Politique par lesdits utilisateurs.<\/p>\n<p>Ist-66, S.L (Hotel Pimar) utilise les types de cookies suivants:<\/p>\n<p><strong>Class\u00e9 par propri\u00e9t\u00e9:<\/strong><\/p>\n<ul>\n<li><em>Cookies propres: envoy\u00e9s et g\u00e9r\u00e9s directement par Ist-66, S.L.<\/em><\/li>\n<li><em>Cookies tiers: envoy\u00e9s et g\u00e9r\u00e9s par un tiers en dehors de Ist-66, S.L. Anonymement, afin d\u2019effectuer des \u00e9tudes de navigation statistiques \u00e0 travers les pages Web de Ist-66, S.L.<\/em><\/li>\n<\/ul>\n<p><strong>Class\u00e9 par leur but:<\/strong><\/p>\n<ul>\n<li><em>Cookies techniques et\/ou de personnalisation: ils facilitent la navigation, en identifiant la session, en permettant l\u2019acc\u00e8s aux outils d\u2019acc\u00e8s restreint, ainsi qu\u2019en personnalisant les options disponibles. Ils permettent la pr\u00e9sentation du service pr\u00e9c\u00e9demment demand\u00e9 par l\u2019utilisateur.<\/em><\/li>\n<li><em>Analyse et\/ou publicit\u00e9 des cookies: re\u00e7us dans les diff\u00e9rentes sections des pages Web, les habitudes et les tendances de ses utilisateurs et, par cons\u00e9quent, d\u2019am\u00e9liorer la navigation et le service offert par Ist-66. (fondamentalement, Google Analytics), ainsi que la gestion des spreads publicitaires inclus dans le site Web visit\u00e9 par l\u2019utilisateur. Il recueille des donn\u00e9es de mani\u00e8re anonyme afin d\u2019obtenir des profils de navigation utilisateur.<\/em><\/li>\n<\/ul>\n<p><strong>Class\u00e9 par leur dur\u00e9e:<\/strong><\/p>\n<ul>\n<li><em>Cookies de session: collectez et stockez les donn\u00e9es pendant que l\u2019utilisateur acc\u00e8de \u00e0 la page Web.<\/em><\/li>\n<li><em>Cookies persistants: collectez et stockez les donn\u00e9es dans le terminal de l\u2019utilisateur pendant une p\u00e9riode de temps variable en fonction du but pour lequel elles ont \u00e9t\u00e9 utilis\u00e9es.<\/em><\/li>\n<\/ul>\n<p>Le temps de conservation des cookies d\u00e9pendra du type en question et sera toujours le minimum n\u00e9cessaire pour remplir son objectif.<\/p>\n<p>Dans tous les cas, les utilisateurs peuvent configurer leur navigateur, de sorte qu\u2019il d\u00e9sactive ou bloque la r\u00e9ception de tout ou partie des cookies. Le fait de ne pas vouloir recevoir ces cookies, ne constitue pas un obstacle \u00e0 l\u2019acc\u00e8s aux informations sur les sites Internet de Ist-66, S.L. bien que l\u2019utilisation de certains services puisse \u00eatre limit\u00e9e. Si une fois que le consentement a \u00e9t\u00e9 accord\u00e9 pour la r\u00e9ception de cookies, il est souhaitable de supprimer ceux-ci, ceux qui sont stock\u00e9s dans l\u2019\u00e9quipement de l\u2019utilisateur doivent \u00eatre \u00e9limin\u00e9s, \u00e0 travers les options des diff\u00e9rents navigateurs.<\/p>\n<p>La fa\u00e7on de configurer les diff\u00e9rents navigateurs pour exercer les actions indiqu\u00e9es dans les paragraphes pr\u00e9c\u00e9dents, peut \u00eatre consult\u00e9e dans:<\/p>\n<p>Explorer: <u>http:\/\/windows.microsoft.com\/es-es\/windows7\/how-to-managecookies-in-internet-explorer-9 <\/u><\/p>\n<p>Chrome: <u>https:\/\/support.google.com\/chrome\/answer\/95647?hl=es<\/u><\/p>\n<p>Firefox: <u>http:\/\/support.mozilla.org\/es\/kb\/cookies-informacion-que-los-sitios-webguardan-en-?redirectlocal e=en-US&amp;redirectslug=Cookies<\/u><\/p>\n<\/div><\/div><\/div><\/div><\/div>\n","protected":false},"excerpt":{"rendered":"","protected":false},"author":1,"featured_media":0,"parent":0,"menu_order":0,"comment_status":"closed","ping_status":"closed","template":"100-width.php","meta":{"footnotes":""},"class_list":["post-4076","page","type-page","status-publish","hentry"],"yoast_head":"<!-- This site is optimized with the Yoast SEO plugin v26.9 - https:\/\/yoast.com\/product\/yoast-seo-wordpress\/ -->\n<title>Avis Juridique - Hotel &amp; Spa Pimar<\/title>\n<meta name=\"robots\" content=\"index, follow, max-snippet:-1, max-image-preview:large, max-video-preview:-1\" \/>\n<link rel=\"canonical\" href=\"https:\/\/hotelpimarblanes.com\/fr\/avis-juridique\/\" \/>\n<meta property=\"og:locale\" content=\"fr_FR\" \/>\n<meta property=\"og:type\" content=\"article\" \/>\n<meta property=\"og:title\" content=\"Avis Juridique - Hotel &amp; Spa Pimar\" \/>\n<meta property=\"og:url\" content=\"https:\/\/hotelpimarblanes.com\/fr\/avis-juridique\/\" \/>\n<meta property=\"og:site_name\" content=\"Hotel &amp; Spa Pimar\" \/>\n<meta property=\"article:modified_time\" content=\"2025-09-04T13:26:17+00:00\" \/>\n<meta name=\"twitter:card\" content=\"summary_large_image\" \/>\n<meta name=\"twitter:label1\" content=\"Dur\u00e9e de lecture estim\u00e9e\" \/>\n\t<meta name=\"twitter:data1\" content=\"5 minutes\" \/>\n<script type=\"application\/ld+json\" class=\"yoast-schema-graph\">{\"@context\":\"https:\/\/schema.org\",\"@graph\":[{\"@type\":\"WebPage\",\"@id\":\"https:\/\/hotelpimarblanes.com\/fr\/avis-juridique\/\",\"url\":\"https:\/\/hotelpimarblanes.com\/fr\/avis-juridique\/\",\"name\":\"Avis Juridique - Hotel &amp; Spa Pimar\",\"isPartOf\":{\"@id\":\"https:\/\/hotelpimarblanes.com\/fr\/#website\"},\"datePublished\":\"2023-01-09T12:18:00+00:00\",\"dateModified\":\"2025-09-04T13:26:17+00:00\",\"breadcrumb\":{\"@id\":\"https:\/\/hotelpimarblanes.com\/fr\/avis-juridique\/#breadcrumb\"},\"inLanguage\":\"fr-FR\",\"potentialAction\":[{\"@type\":\"ReadAction\",\"target\":[\"https:\/\/hotelpimarblanes.com\/fr\/avis-juridique\/\"]}]},{\"@type\":\"BreadcrumbList\",\"@id\":\"https:\/\/hotelpimarblanes.com\/fr\/avis-juridique\/#breadcrumb\",\"itemListElement\":[{\"@type\":\"ListItem\",\"position\":1,\"name\":\"Portada\",\"item\":\"https:\/\/hotelpimarblanes.com\/fr\/\"},{\"@type\":\"ListItem\",\"position\":2,\"name\":\"Avis Juridique\"}]},{\"@type\":\"WebSite\",\"@id\":\"https:\/\/hotelpimarblanes.com\/fr\/#website\",\"url\":\"https:\/\/hotelpimarblanes.com\/fr\/\",\"name\":\"Hotel &amp; Spa Pimar\",\"description\":\"Hotel &amp; Spa Blanes\",\"publisher\":{\"@id\":\"https:\/\/hotelpimarblanes.com\/fr\/#organization\"},\"potentialAction\":[{\"@type\":\"SearchAction\",\"target\":{\"@type\":\"EntryPoint\",\"urlTemplate\":\"https:\/\/hotelpimarblanes.com\/fr\/?s={search_term_string}\"},\"query-input\":{\"@type\":\"PropertyValueSpecification\",\"valueRequired\":true,\"valueName\":\"search_term_string\"}}],\"inLanguage\":\"fr-FR\"},{\"@type\":\"Organization\",\"@id\":\"https:\/\/hotelpimarblanes.com\/fr\/#organization\",\"name\":\"Hotel &amp; Spa Pimar\",\"url\":\"https:\/\/hotelpimarblanes.com\/fr\/\",\"logo\":{\"@type\":\"ImageObject\",\"inLanguage\":\"fr-FR\",\"@id\":\"https:\/\/hotelpimarblanes.com\/fr\/#\/schema\/logo\/image\/\",\"url\":\"\",\"contentUrl\":\"\",\"caption\":\"Hotel &amp; Spa Pimar\"},\"image\":{\"@id\":\"https:\/\/hotelpimarblanes.com\/fr\/#\/schema\/logo\/image\/\"}}]}<\/script>\n<!-- \/ Yoast SEO plugin. -->","yoast_head_json":{"title":"Avis Juridique - Hotel &amp; Spa Pimar","robots":{"index":"index","follow":"follow","max-snippet":"max-snippet:-1","max-image-preview":"max-image-preview:large","max-video-preview":"max-video-preview:-1"},"canonical":"https:\/\/hotelpimarblanes.com\/fr\/avis-juridique\/","og_locale":"fr_FR","og_type":"article","og_title":"Avis Juridique - Hotel &amp; Spa Pimar","og_url":"https:\/\/hotelpimarblanes.com\/fr\/avis-juridique\/","og_site_name":"Hotel &amp; Spa Pimar","article_modified_time":"2025-09-04T13:26:17+00:00","twitter_card":"summary_large_image","twitter_misc":{"Dur\u00e9e de lecture estim\u00e9e":"5 minutes"},"schema":{"@context":"https:\/\/schema.org","@graph":[{"@type":"WebPage","@id":"https:\/\/hotelpimarblanes.com\/fr\/avis-juridique\/","url":"https:\/\/hotelpimarblanes.com\/fr\/avis-juridique\/","name":"Avis Juridique - Hotel &amp; Spa Pimar","isPartOf":{"@id":"https:\/\/hotelpimarblanes.com\/fr\/#website"},"datePublished":"2023-01-09T12:18:00+00:00","dateModified":"2025-09-04T13:26:17+00:00","breadcrumb":{"@id":"https:\/\/hotelpimarblanes.com\/fr\/avis-juridique\/#breadcrumb"},"inLanguage":"fr-FR","potentialAction":[{"@type":"ReadAction","target":["https:\/\/hotelpimarblanes.com\/fr\/avis-juridique\/"]}]},{"@type":"BreadcrumbList","@id":"https:\/\/hotelpimarblanes.com\/fr\/avis-juridique\/#breadcrumb","itemListElement":[{"@type":"ListItem","position":1,"name":"Portada","item":"https:\/\/hotelpimarblanes.com\/fr\/"},{"@type":"ListItem","position":2,"name":"Avis Juridique"}]},{"@type":"WebSite","@id":"https:\/\/hotelpimarblanes.com\/fr\/#website","url":"https:\/\/hotelpimarblanes.com\/fr\/","name":"Hotel &amp; Spa Pimar","description":"Hotel &amp; Spa Blanes","publisher":{"@id":"https:\/\/hotelpimarblanes.com\/fr\/#organization"},"potentialAction":[{"@type":"SearchAction","target":{"@type":"EntryPoint","urlTemplate":"https:\/\/hotelpimarblanes.com\/fr\/?s={search_term_string}"},"query-input":{"@type":"PropertyValueSpecification","valueRequired":true,"valueName":"search_term_string"}}],"inLanguage":"fr-FR"},{"@type":"Organization","@id":"https:\/\/hotelpimarblanes.com\/fr\/#organization","name":"Hotel &amp; Spa Pimar","url":"https:\/\/hotelpimarblanes.com\/fr\/","logo":{"@type":"ImageObject","inLanguage":"fr-FR","@id":"https:\/\/hotelpimarblanes.com\/fr\/#\/schema\/logo\/image\/","url":"","contentUrl":"","caption":"Hotel &amp; Spa Pimar"},"image":{"@id":"https:\/\/hotelpimarblanes.com\/fr\/#\/schema\/logo\/image\/"}}]}},"_links":{"self":[{"href":"https:\/\/hotelpimarblanes.com\/fr\/wp-json\/wp\/v2\/pages\/4076","targetHints":{"allow":["GET"]}}],"collection":[{"href":"https:\/\/hotelpimarblanes.com\/fr\/wp-json\/wp\/v2\/pages"}],"about":[{"href":"https:\/\/hotelpimarblanes.com\/fr\/wp-json\/wp\/v2\/types\/page"}],"author":[{"embeddable":true,"href":"https:\/\/hotelpimarblanes.com\/fr\/wp-json\/wp\/v2\/users\/1"}],"replies":[{"embeddable":true,"href":"https:\/\/hotelpimarblanes.com\/fr\/wp-json\/wp\/v2\/comments?post=4076"}],"version-history":[{"count":1,"href":"https:\/\/hotelpimarblanes.com\/fr\/wp-json\/wp\/v2\/pages\/4076\/revisions"}],"predecessor-version":[{"id":14083,"href":"https:\/\/hotelpimarblanes.com\/fr\/wp-json\/wp\/v2\/pages\/4076\/revisions\/14083"}],"wp:attachment":[{"href":"https:\/\/hotelpimarblanes.com\/fr\/wp-json\/wp\/v2\/media?parent=4076"}],"curies":[{"name":"wp","href":"https:\/\/api.w.org\/{rel}","templated":true}]}}